{"id":9256,"date":"2024-10-11T13:54:18","date_gmt":"2024-10-11T11:54:18","guid":{"rendered":"https:\/\/kajakfriluftsliv.dk\/outdoor-im-suedfuenischen-archipel\/"},"modified":"2024-10-11T14:30:34","modified_gmt":"2024-10-11T12:30:34","slug":"outdoor-im-suedfuenischen-archipel","status":"publish","type":"page","link":"https:\/\/kajakfriluftsliv.dk\/de\/outdoor-im-suedfuenischen-archipel\/","title":{"rendered":"Outdoor im S\u00fcdf\u00fcnischen Archipel"},"content":{"rendered":"\t\t<div data-elementor-type=\"wp-page\" data-elementor-id=\"9256\" class=\"elementor elementor-9256 elementor-9244\" data-elementor-post-type=\"page\">\n\t\t\t\t<div class=\"elementor-element elementor-element-4da7e11 e-con-full no-padding e-flex e-con e-parent\" data-id=\"4da7e11\" data-element_type=\"container\">\n\t\t\t\t<div class=\"elementor-element elementor-element-47a3ed4b elementor-widget elementor-widget-shortcode\" data-id=\"47a3ed4b\" data-element_type=\"widget\" data-widget_type=\"shortcode.default\">\n\t\t\t\t<div class=\"elementor-widget-container\">\n\t\t\t\t\t<div class=\"elementor-shortcode\">\t\t<div data-elementor-type=\"container\" data-elementor-id=\"6542\" class=\"elementor elementor-6542\" data-elementor-post-type=\"elementor_library\">\n\t\t\t\t<div class=\"elementor-element elementor-element-2bc4b5ab white e-flex e-con-boxed e-con e-parent\" data-id=\"2bc4b5ab\" data-element_type=\"container\" data-settings=\"{&quot;background_background&quot;:&quot;classic&quot;}\">\n\t\t\t\t\t<div class=\"e-con-inner\">\n\t\t\t\t<div class=\"elementor-element elementor-element-1d645c29 elementor-icon-list--layout-inline elementor-align-center elementor-list-item-link-full_width elementor-widget elementor-widget-icon-list\" data-id=\"1d645c29\" data-element_type=\"widget\" data-widget_type=\"icon-list.default\">\n\t\t\t\t<div class=\"elementor-widget-container\">\n\t\t\t\t\t<ul class=\"elementor-icon-list-items elementor-inline-items\">\n\t\t\t\t\t\t\t<li class=\"elementor-icon-list-item elementor-inline-item\">\n\t\t\t\t\t\t\t\t\t\t\t<a href=\"tel:60723900\">\n\n\t\t\t\t\t\t\t\t\t\t\t<span class=\"elementor-icon-list-text\">(+45) 60 72 39 00<\/span>\n\t\t\t\t\t\t\t\t\t\t\t<\/a>\n\t\t\t\t\t\t\t\t\t<\/li>\n\t\t\t\t\t\t\t\t<li class=\"elementor-icon-list-item elementor-inline-item\">\n\t\t\t\t\t\t\t\t\t\t\t<a href=\"mailto:info@kajakfriluftsliv.dk\">\n\n\t\t\t\t\t\t\t\t\t\t\t<span class=\"elementor-icon-list-text\">info@kajakfriluftsliv.dk<\/span>\n\t\t\t\t\t\t\t\t\t\t\t<\/a>\n\t\t\t\t\t\t\t\t\t<\/li>\n\t\t\t\t\t\t<\/ul>\n\t\t\t\t<\/div>\n\t\t\t\t<\/div>\n\t\t\t\t\t<\/div>\n\t\t\t\t<\/div>\n\t\t\t\t<\/div>\n\t\t<\/div>\n\t\t\t\t<\/div>\n\t\t\t\t<\/div>\n\t\t\t\t<\/div>\n\t\t<div class=\"elementor-element elementor-element-3f6f86cf e-flex e-con-boxed e-con e-parent\" data-id=\"3f6f86cf\" data-element_type=\"container\">\n\t\t\t\t\t<div class=\"e-con-inner\">\n\t\t<div class=\"elementor-element elementor-element-88c2d7f e-con-full e-flex e-con e-child\" data-id=\"88c2d7f\" data-element_type=\"container\">\n\t\t\t\t<div class=\"elementor-element elementor-element-37ea94f7 elementor-widget elementor-widget-text-editor\" data-id=\"37ea94f7\" data-element_type=\"widget\" data-widget_type=\"text-editor.default\">\n\t\t\t\t<div class=\"elementor-widget-container\">\n\t\t\t\t\t\t\t<h2>Naturerholung und Naturtourismus in Svendborg und im Geopark Det Sydfynske \u00d8hav<\/h2>\n<p><strong>Autor: Frederik Laursen &#8211; Oktober 2024<\/strong><\/p>\n<p>Das s\u00fcdf\u00fcnische Archipel &#8211; ein Paradies f\u00fcr Outdoor-Fans Im Herzen D\u00e4nemarks, umgeben von blauem Meer und gr\u00fcnen, h\u00fcgeligen Landschaften, liegen Svendborg und der Geopark Det Sydfynske \u00d8hav. Diese einzigartige Region bietet eine breite Palette an Naturerlebnissen, die sowohl diejenigen ansprechen, die auf der Suche nach adrenalingeladenen Abenteuern sind, als auch diejenigen, die Ruhe und das Eintauchen in die Natur suchen. Der S\u00fcdf\u00fcnische Archipel ist eine Fundgrube f\u00fcr Outdoor-Aktivit\u00e4ten, und Seekajakfahren ist eine der beliebtesten M\u00f6glichkeiten, die wundersch\u00f6ne Umgebung zu erkunden. Aber die Gegend hat noch viel mehr zu bieten &#8211; vom Stand-up-Paddleboarding (SUP) bis hin zum Wandern, Camping in Schutzh\u00fctten, Unterwasserjagd und Angeln.   <\/p>\n<p>Ob Sie nun ein erfahrener Outdoor-Fan sind oder einfach nur eine Pause vom Alltag suchen, es gibt unendlich viele M\u00f6glichkeiten, die Natur hautnah zu erleben.<\/p>\n<h3>Seekajakfahren im Geopark Det Sydfynske \u00d8hav<\/h3>\n<p><strong>&#8211; D\u00e4nemarks beste Kajakgew\u00e4sser<\/strong><\/p>\n<p>Der Geopark Det Sydfynske \u00d8hav ist bekannt f\u00fcr seinen Archipel, der aus mehr als 55 Inseln und Inselchen besteht, von denen viele unbewohnt sind und nur mit dem Boot erreicht werden k\u00f6nnen. F\u00fcr Liebhaber des Seekajaksports ist dies ein wahres Paradies. Das Gebiet bietet ruhige Gew\u00e4sser, die ideal f\u00fcr Anf\u00e4nger sind, aber auch viele anspruchsvolle Routen f\u00fcr erfahrene Kajakfahrer. Der Archipel ist auch f\u00fcr seine unglaubliche Natursch\u00f6nheit bekannt &#8211; mit K\u00fcsten, kleinen Buchten, \u00fcppigen Inseln und einer reichhaltigen Tierwelt gibt es vom Kajak aus immer etwas Neues zu erleben.   <\/p>\n<h3>Kajakerlebnisse f\u00fcr alle Niveaus<\/h3>\n<p>Einer der gr\u00f6\u00dften Vorteile des Paddelns im S\u00fcdf\u00fcnischen Archipel ist, dass es Routen f\u00fcr alle Niveaus gibt. F\u00fcr Anf\u00e4nger kann eine Fahrt um den Svendborg Sund oder zwischen den kleinen Inseln in K\u00fcstenn\u00e4he, vielleicht im Rahmen einer gef\u00fchrten Tour, ein perfekter Einstieg in die Welt des Kajaksports sein. Diese Routen bieten ruhige Gew\u00e4sser und viele M\u00f6glichkeiten, an einem der vielen kleinen Str\u00e4nde eine Pause einzulegen.  <\/p>\n<p>F\u00fcr erfahrenere Kajakfahrer bietet der Sch\u00e4rengarten l\u00e4ngere Touren, um die abgelegeneren Inseln und Inselchen zu erkunden. Eine klassische Route f\u00fchrt von Svendborg nach Skar\u00f8, Drej\u00f8 und Avernak\u00f8, wo Sie von historischen Fischerd\u00f6rfern bis zu unber\u00fchrten Naturgebieten alles erleben k\u00f6nnen. Diese Touren k\u00f6nnen mehrere Tage dauern und bieten Ihnen die M\u00f6glichkeit, das Kajakfahren mit einer \u00dcbernachtung in Schutzh\u00fctten oder auf einem der \u00f6rtlichen Campingpl\u00e4tze zu kombinieren.  <\/p>\n<h3>Inselh\u00fcpfen im Kajak &#8211; ein einzigartiges Naturerlebnis<\/h3>\n<p>Eine besonders attraktive Option ist das Inselh\u00fcpfen mit dem Kajak. Der Sch\u00e4rengarten ist daf\u00fcr ideal, da die Entfernungen zwischen den Inseln oft relativ kurz sind und jede Insel einzigartige Erlebnisse bietet. Sie k\u00f6nnen problemlos einen mehrt\u00e4gigen Ausflug planen, bei dem Sie von Insel zu Insel rudern, in der Natur \u00fcbernachten und die Stille und Sch\u00f6nheit der Landschaft S\u00fcdf\u00fcnens genie\u00dfen.  <\/p>\n<p>Wenn Sie um die s\u00fcdf\u00fcnischen Sch\u00e4ren rudern, ist es nicht ungew\u00f6hnlich, Schweinswale oder Robben zu sehen, die sich im Wasser tummeln, oder Seeadler, die in der Luft nach Beute Ausschau halten. Dieser enge Kontakt mit der Natur ist eines der Dinge, die das Gebiet f\u00fcr Seekajak-Fans so besonders machen. <\/p>\n<h3>SUP &#8211; eine neue Art, den Archipel zu erleben<\/h3>\n<p>Wenn Sie auf der Suche nach einer anderen wasserbasierten Aktivit\u00e4t sind, ist SUP eine hervorragende Option. Stand-up-Paddleboarding ist in den letzten Jahren extrem popul\u00e4r geworden und verbindet auf einzigartige Weise Gleichgewicht, Bewegung und Naturerlebnis. Der Geopark Det Sydfynske \u00d8hav ist dank des ruhigen Wassers und der sch\u00f6nen Landschaft ideal f\u00fcr SUP.  <\/p>\n<h3>SUP f\u00fcr Anf\u00e4nger und Fortgeschrittene<\/h3>\n<p>SUP ist leicht zu erlernen und eine lustige Aktivit\u00e4t f\u00fcr die ganze Familie. Viele der K\u00fcstenabschnitte rund um Svendborg bieten flache Bereiche, in denen Anf\u00e4nger in aller Ruhe \u00fcben k\u00f6nnen. F\u00fcr die erfahreneren SUP-Enthusiasten bietet der Sch\u00e4rengarten l\u00e4ngere Routen und Herausforderungen, wie z.B. das Paddeln zwischen den Inseln oder entlang der windigeren K\u00fcstenlinien.  <\/p>\n<p>Einer der gro\u00dfen Vorteile des SUP ist die Freiheit, die es Ihnen gibt, anzuhalten und die Natur zu genie\u00dfen, wo immer Sie wollen. An einem ruhigen Tag k\u00f6nnen Sie zu einer der vielen unbewohnten Inseln hinauspaddeln, eine Pause am Strand einlegen und ein Picknick inmitten einer reichen Vogelwelt, wundersch\u00f6ner Landschaften und des Meeres genie\u00dfen. <\/p>\n<h3>Wandern in Svendborg und dem S\u00fcdf\u00fcnischen Archipel<\/h3>\n<p>Wenn Sie lieber an Land bleiben m\u00f6chten, gibt es in und um Svendborg auch fantastische Wanderm\u00f6glichkeiten. Die Gegend bietet eine Vielzahl von Wanderwegen, die Sie durch W\u00e4lder, entlang der K\u00fcste und \u00fcber H\u00fcgel mit Blick auf die Sch\u00e4ren f\u00fchren. <\/p>\n<h3>\u00d8havsstien &#8211; eine der sch\u00f6nsten Wanderrouten D\u00e4nemarks<\/h3>\n<p>Einer der bekanntesten Wanderwege in der Region ist der \u00d8havsstien, der sich \u00fcber 220 km erstreckt und Sie rund um das gesamte s\u00fcdf\u00fcnische Archipel f\u00fchrt. Die Route ist in 7 Etappen unterteilt, so dass Sie entweder die gesamte Strecke wandern oder nur einen Tagesausflug machen k\u00f6nnen. Unterwegs kommen Sie durch charmante Kleinst\u00e4dte, \u00fcppige W\u00e4lder und entlang der K\u00fcste, wo Sie die Aussicht auf die Inseln am Horizont genie\u00dfen k\u00f6nnen. Die Wege verlaufen von Falsled im Westen bis nach Lundeborg im Osten sowie \u00fcber T\u00e5singe, \u00c6r\u00f8 und Nordlangeland.   <\/p>\n<p>Der Archipelago Trail ist auch reich an Geschichte und Kultur. Viele der Routen f\u00fchren an historischen Denkm\u00e4lern, alten Herrenh\u00e4usern und sch\u00f6nen Kirchen vorbei. Dies ist den Landbesitzern zu verdanken, die bereitwillig Wege zur Verf\u00fcgung gestellt haben, so dass es ein Erlebnis f\u00fcr K\u00f6rper und Geist ist. <\/p>\n<h3>Unterschlupf und Unterkunft in der Natur<\/h3>\n<p>Eine der authentischsten Arten, den S\u00fcdf\u00fcnischen Archipel zu erleben, ist eine \u00dcbernachtung in der Natur. In der Region gibt es viele Schutzh\u00fctten und einfache Campingpl\u00e4tze, wo Sie sich f\u00fcr die Nacht niederlassen und die Stille unter den Sternen genie\u00dfen k\u00f6nnen. Viele dieser Pl\u00e4tze liegen direkt am Wasser und sind daher ideal f\u00fcr Kajakfahrer und Wanderer.  <\/p>\n<p>Die H\u00fctten sind oft mit Feuerstellen ausgestattet, so dass Sie Ihr Abendessen in der Natur zubereiten k\u00f6nnen. Das Aufwachen mit Vogelgezwitscher und dem Rauschen der Wellen am Ufer ist ein unbeschreibliches Erlebnis &#8211; man muss es selbst erlebt haben. <\/p>\n<h3>Unterwasserjagd und Schnorcheln &#8211; erleben Sie den S\u00fcdf\u00fcnischen Archipel aus der Tiefe<\/h3>\n<p>F\u00fcr diejenigen, die gerne Unterwasserabenteuer erleben, bietet der S\u00fcdf\u00fcnische Archipel auch hervorragende M\u00f6glichkeiten f\u00fcr Unterwasserjagd und Schnorcheln. Der Archipel ist f\u00fcr sein klares Wasser und seine reiche Unterwasserwelt bekannt und damit ideal, um das Leben unter der Meeresoberfl\u00e4che zu erkunden. <\/p>\n<h3>Unterwasserjagd &#8211; ein Sport im Einklang mit der Natur<\/h3>\n<p>Die Unterwasserjagd ist ein Sport, der Tauchen und Jagen kombiniert und sowohl Geduld als auch Geschicklichkeit erfordert. Der Sch\u00e4rengarten ist einer der besten Orte D\u00e4nemarks f\u00fcr die Unterwasserjagd, denn das Wasser ist hier sauber und voller Fische wie Kabeljau, Plattfisch und Meerforelle. <\/p>\n<p>Die beste Zeit f\u00fcr die Unterwasserjagd ist von Mai bis Oktober, wenn die Wassertemperatur angenehm ist und die Sicht am besten ist. Denken Sie daran, dass f\u00fcr die Unterwasserjagd ein Jagdschein erforderlich ist und dass Sie die \u00f6rtlichen Vorschriften und Grunds\u00e4tze der Nachhaltigkeit beachten m\u00fcssen. <\/p>\n<h3>Schnorcheln f\u00fcr alle Altersgruppen<\/h3>\n<p>Wenn Sie nicht auf die Jagd gehen, aber dennoch die Unterwasserwelt erleben m\u00f6chten, ist Schnorcheln eine gro\u00dfartige Alternative. Es gibt mehrere Gebiete im S\u00fcdf\u00fcnischen Archipel, in denen Sie schnorcheln und alles von Fischschw\u00e4rmen bis hin zu farbenfrohen Seetangw\u00e4ldern sehen k\u00f6nnen. Schnorcheln ist eine Aktivit\u00e4t, die die ganze Familie genie\u00dfen kann, und es gibt mehrere Orte, an denen Sie eine Ausr\u00fcstung mieten k\u00f6nnen, wenn Sie diese nicht dabei haben.  <\/p>\n<h3>Angeln &#8211; eine beliebte Aktivit\u00e4t im S\u00fcdf\u00fcnischen Archipel<\/h3>\n<p>F\u00fcr Angler ist das s\u00fcdf\u00fcnische Archipel ein wahres Juwel. Der Sch\u00e4rengarten bietet viele verschiedene Fischarten und es gibt viele gute Angelpl\u00e4tze, sowohl von der K\u00fcste als auch vom Boot aus. Vor allem das Angeln auf Meerforelle, aber auch auf Hornhecht und Makrele ist sehr beliebt, und viele kommen extra in die Gegend, um diese begehrten Fische zu angeln.  <\/p>\n<h3>Angeln an der K\u00fcste &#8211; fangen Sie Meerforellen an den Str\u00e4nden<\/h3>\n<p>Das K\u00fcstenfischen ist eine der beliebtesten Arten des Angelns im S\u00fcdf\u00fcnischen Archipel. Die K\u00fcste ist voller kleiner Buchten, Riffe und Str\u00e4nde und damit ein idealer Ort zum Meerforellenangeln. <\/p>\n\t\t\t\t\t\t<\/div>\n\t\t\t\t<\/div>\n\t\t\t\t<\/div>\n\t\t<div class=\"elementor-element elementor-element-1f1be0e0 e-con-full e-flex e-con e-child\" data-id=\"1f1be0e0\" data-element_type=\"container\">\n\t\t\t\t<div class=\"elementor-element elementor-element-e1d8000 dark elementor-widget elementor-widget-sidebar\" data-id=\"e1d8000\" data-element_type=\"widget\" data-widget_type=\"sidebar.default\">\n\t\t\t\t<div class=\"elementor-widget-container\">\n\t\t\t<aside id=\"text-13\" class=\"widget-odd widget-5 widget inner-padding widget_text\"><h2 class=\"widget-title\">M\u00f6chten Sie mehr h\u00f6ren?<\/h2>\t\t\t<div class=\"textwidget\"><p>F\u00fcllen Sie das Formular aus und wir werden uns so schnell wie m\u00f6glich bei Ihnen melden.<\/p>\n<\/div>\n\t\t<\/aside><aside id=\"forminator_widget-4\" class=\"widget-even widget-last widget-6 widget inner-padding widget_forminator_widget\"><form id=\"forminator-module-9095\" class=\"forminator-custom-form forminator-custom-form-9095\" method=\"post\" data-forminator-render=\"0\" data-uid=\"69f2585c3aafa\"><div role=\"alert\" aria-live=\"polite\" class=\"forminator-response-message forminator-error\" aria-hidden=\"true\"><\/div><\/form><\/aside>\t\t<\/div>\n\t\t\t\t<\/div>\n\t\t\t\t<\/div>\n\t\t\t\t\t<\/div>\n\t\t\t\t<\/div>\n\t\t\t\t<\/div>\n\t\t","protected":false},"excerpt":{"rendered":"<p>Naturerholung und Naturtourismus in Svendborg und im Geopark Det Sydfynske \u00d8hav Autor: Frederik Laursen &#8211; Oktober 2024 Das s\u00fcdf\u00fcnische Archipel &#8211; ein Paradies f\u00fcr Outdoor-Fans Im Herzen D\u00e4nemarks, umgeben von blauem Meer und gr\u00fcnen, h\u00fcgeligen Landschaften, liegen Svendborg und der Geopark Det Sydfynske \u00d8hav. Diese einzigartige Region bietet eine breite Palette an Naturerlebnissen, die sowohl &#8230; <a title=\"Outdoor im S\u00fcdf\u00fcnischen Archipel\" class=\"read-more\" href=\"https:\/\/kajakfriluftsliv.dk\/de\/outdoor-im-suedfuenischen-archipel\/\" aria-label=\"Mehr Informationen \u00fcber Outdoor im S\u00fcdf\u00fcnischen Archipel\">Weiterlesen &#8230;<\/a><\/p>\n","protected":false},"author":5,"featured_media":9330,"parent":0,"menu_order":0,"comment_status":"closed","ping_status":"closed","template":"","meta":{"_acf_changed":false,"footnotes":""},"categories":[],"class_list":["post-9256","page","type-page","status-publish","has-post-thumbnail"],"acf":[],"yoast_head":"<!-- This site is optimized with the Yoast SEO plugin v27.5 - https:\/\/yoast.com\/product\/yoast-seo-wordpress\/ -->\n<title>Outdoor im S\u00fcdf\u00fcnischen Archipel | Lifeplan Kajak &amp; Friluftsliv<\/title>\n<meta name=\"robots\" content=\"index, follow, max-snippet:-1, max-image-preview:large, max-video-preview:-1\" \/>\n<link rel=\"canonical\" href=\"https:\/\/kajakfriluftsliv.dk\/de\/outdoor-im-suedfuenischen-archipel\/\" \/>\n<meta property=\"og:locale\" content=\"de_DE\" \/>\n<meta property=\"og:type\" content=\"article\" \/>\n<meta property=\"og:title\" content=\"Outdoor im S\u00fcdf\u00fcnischen Archipel | Lifeplan Kajak &amp; Friluftsliv\" \/>\n<meta property=\"og:description\" content=\"Naturerholung und Naturtourismus in Svendborg und im Geopark Det Sydfynske \u00d8hav Autor: Frederik Laursen &#8211; Oktober 2024 Das s\u00fcdf\u00fcnische Archipel &#8211; ein Paradies f\u00fcr Outdoor-Fans Im Herzen D\u00e4nemarks, umgeben von blauem Meer und gr\u00fcnen, h\u00fcgeligen Landschaften, liegen Svendborg und der Geopark Det Sydfynske \u00d8hav. Diese einzigartige Region bietet eine breite Palette an Naturerlebnissen, die sowohl ... Weiterlesen ...\" \/>\n<meta property=\"og:url\" content=\"https:\/\/kajakfriluftsliv.dk\/de\/outdoor-im-suedfuenischen-archipel\/\" \/>\n<meta property=\"og:site_name\" content=\"Lifeplan Kajak &amp; Friluftsliv\" \/>\n<meta property=\"article:modified_time\" content=\"2024-10-11T12:30:34+00:00\" \/>\n<meta property=\"og:image\" content=\"https:\/\/kajakfriluftsliv.dk\/wp-content\/uploads\/2025\/01\/thumbnail_image-4.png\" \/>\n\t<meta property=\"og:image:width\" content=\"1257\" \/>\n\t<meta property=\"og:image:height\" content=\"947\" \/>\n\t<meta property=\"og:image:type\" content=\"image\/png\" \/>\n<meta name=\"twitter:card\" content=\"summary_large_image\" \/>\n<meta name=\"twitter:label1\" content=\"Gesch\u00e4tzte Lesezeit\" \/>\n\t<meta name=\"twitter:data1\" content=\"7\u00a0Minuten\" \/>\n<script type=\"application\/ld+json\" class=\"yoast-schema-graph\">{\"@context\":\"https:\\\/\\\/schema.org\",\"@graph\":[{\"@type\":\"WebPage\",\"@id\":\"https:\\\/\\\/kajakfriluftsliv.dk\\\/de\\\/outdoor-im-suedfuenischen-archipel\\\/\",\"url\":\"https:\\\/\\\/kajakfriluftsliv.dk\\\/de\\\/outdoor-im-suedfuenischen-archipel\\\/\",\"name\":\"Outdoor im S\u00fcdf\u00fcnischen Archipel | Lifeplan Kajak &amp; Friluftsliv\",\"isPartOf\":{\"@id\":\"https:\\\/\\\/kajakfrilufsliv.webserver10.dk\\\/#website\"},\"primaryImageOfPage\":{\"@id\":\"https:\\\/\\\/kajakfriluftsliv.dk\\\/de\\\/outdoor-im-suedfuenischen-archipel\\\/#primaryimage\"},\"image\":{\"@id\":\"https:\\\/\\\/kajakfriluftsliv.dk\\\/de\\\/outdoor-im-suedfuenischen-archipel\\\/#primaryimage\"},\"thumbnailUrl\":\"https:\\\/\\\/kajakfriluftsliv.dk\\\/wp-content\\\/uploads\\\/2025\\\/01\\\/thumbnail_image-4.png\",\"datePublished\":\"2024-10-11T11:54:18+00:00\",\"dateModified\":\"2024-10-11T12:30:34+00:00\",\"breadcrumb\":{\"@id\":\"https:\\\/\\\/kajakfriluftsliv.dk\\\/de\\\/outdoor-im-suedfuenischen-archipel\\\/#breadcrumb\"},\"inLanguage\":\"de\",\"potentialAction\":[{\"@type\":\"ReadAction\",\"target\":[\"https:\\\/\\\/kajakfriluftsliv.dk\\\/de\\\/outdoor-im-suedfuenischen-archipel\\\/\"]}]},{\"@type\":\"ImageObject\",\"inLanguage\":\"de\",\"@id\":\"https:\\\/\\\/kajakfriluftsliv.dk\\\/de\\\/outdoor-im-suedfuenischen-archipel\\\/#primaryimage\",\"url\":\"https:\\\/\\\/kajakfriluftsliv.dk\\\/wp-content\\\/uploads\\\/2025\\\/01\\\/thumbnail_image-4.png\",\"contentUrl\":\"https:\\\/\\\/kajakfriluftsliv.dk\\\/wp-content\\\/uploads\\\/2025\\\/01\\\/thumbnail_image-4.png\",\"width\":1257,\"height\":947},{\"@type\":\"BreadcrumbList\",\"@id\":\"https:\\\/\\\/kajakfriluftsliv.dk\\\/de\\\/outdoor-im-suedfuenischen-archipel\\\/#breadcrumb\",\"itemListElement\":[{\"@type\":\"ListItem\",\"position\":1,\"name\":\"Forside\",\"item\":\"https:\\\/\\\/kajakfriluftsliv.dk\\\/de\\\/hauptseite\\\/\"},{\"@type\":\"ListItem\",\"position\":2,\"name\":\"Outdoor im S\u00fcdf\u00fcnischen Archipel\"}]},{\"@type\":\"WebSite\",\"@id\":\"https:\\\/\\\/kajakfrilufsliv.webserver10.dk\\\/#website\",\"url\":\"https:\\\/\\\/kajakfrilufsliv.webserver10.dk\\\/\",\"name\":\"Lifeplan Kajak &amp; Friluftsliv\",\"description\":\"SEO PRO \",\"publisher\":{\"@id\":\"https:\\\/\\\/kajakfrilufsliv.webserver10.dk\\\/#organization\"},\"potentialAction\":[{\"@type\":\"SearchAction\",\"target\":{\"@type\":\"EntryPoint\",\"urlTemplate\":\"https:\\\/\\\/kajakfrilufsliv.webserver10.dk\\\/?s={search_term_string}\"},\"query-input\":{\"@type\":\"PropertyValueSpecification\",\"valueRequired\":true,\"valueName\":\"search_term_string\"}}],\"inLanguage\":\"de\"},{\"@type\":\"Organization\",\"@id\":\"https:\\\/\\\/kajakfrilufsliv.webserver10.dk\\\/#organization\",\"name\":\"Lifeplan Kajak &amp; Friluftsliv\",\"url\":\"https:\\\/\\\/kajakfrilufsliv.webserver10.dk\\\/\",\"logo\":{\"@type\":\"ImageObject\",\"inLanguage\":\"de\",\"@id\":\"https:\\\/\\\/kajakfrilufsliv.webserver10.dk\\\/#\\\/schema\\\/logo\\\/image\\\/\",\"url\":\"https:\\\/\\\/kajakfriluftsliv.dk\\\/wp-content\\\/uploads\\\/2024\\\/08\\\/Lifeplan-Logostor-2.png\",\"contentUrl\":\"https:\\\/\\\/kajakfriluftsliv.dk\\\/wp-content\\\/uploads\\\/2024\\\/08\\\/Lifeplan-Logostor-2.png\",\"width\":2048,\"height\":708,\"caption\":\"Lifeplan Kajak &amp; Friluftsliv\"},\"image\":{\"@id\":\"https:\\\/\\\/kajakfrilufsliv.webserver10.dk\\\/#\\\/schema\\\/logo\\\/image\\\/\"}}]}<\/script>\n<!-- \/ Yoast SEO plugin. -->","yoast_head_json":{"title":"Outdoor im S\u00fcdf\u00fcnischen Archipel | Lifeplan Kajak &amp; Friluftsliv","robots":{"index":"index","follow":"follow","max-snippet":"max-snippet:-1","max-image-preview":"max-image-preview:large","max-video-preview":"max-video-preview:-1"},"canonical":"https:\/\/kajakfriluftsliv.dk\/de\/outdoor-im-suedfuenischen-archipel\/","og_locale":"de_DE","og_type":"article","og_title":"Outdoor im S\u00fcdf\u00fcnischen Archipel | Lifeplan Kajak &amp; Friluftsliv","og_description":"Naturerholung und Naturtourismus in Svendborg und im Geopark Det Sydfynske \u00d8hav Autor: Frederik Laursen &#8211; Oktober 2024 Das s\u00fcdf\u00fcnische Archipel &#8211; ein Paradies f\u00fcr Outdoor-Fans Im Herzen D\u00e4nemarks, umgeben von blauem Meer und gr\u00fcnen, h\u00fcgeligen Landschaften, liegen Svendborg und der Geopark Det Sydfynske \u00d8hav. Diese einzigartige Region bietet eine breite Palette an Naturerlebnissen, die sowohl ... Weiterlesen ...","og_url":"https:\/\/kajakfriluftsliv.dk\/de\/outdoor-im-suedfuenischen-archipel\/","og_site_name":"Lifeplan Kajak &amp; Friluftsliv","article_modified_time":"2024-10-11T12:30:34+00:00","og_image":[{"width":1257,"height":947,"url":"https:\/\/kajakfriluftsliv.dk\/wp-content\/uploads\/2025\/01\/thumbnail_image-4.png","type":"image\/png"}],"twitter_card":"summary_large_image","twitter_misc":{"Gesch\u00e4tzte Lesezeit":"7\u00a0Minuten"},"schema":{"@context":"https:\/\/schema.org","@graph":[{"@type":"WebPage","@id":"https:\/\/kajakfriluftsliv.dk\/de\/outdoor-im-suedfuenischen-archipel\/","url":"https:\/\/kajakfriluftsliv.dk\/de\/outdoor-im-suedfuenischen-archipel\/","name":"Outdoor im S\u00fcdf\u00fcnischen Archipel | Lifeplan Kajak &amp; Friluftsliv","isPartOf":{"@id":"https:\/\/kajakfrilufsliv.webserver10.dk\/#website"},"primaryImageOfPage":{"@id":"https:\/\/kajakfriluftsliv.dk\/de\/outdoor-im-suedfuenischen-archipel\/#primaryimage"},"image":{"@id":"https:\/\/kajakfriluftsliv.dk\/de\/outdoor-im-suedfuenischen-archipel\/#primaryimage"},"thumbnailUrl":"https:\/\/kajakfriluftsliv.dk\/wp-content\/uploads\/2025\/01\/thumbnail_image-4.png","datePublished":"2024-10-11T11:54:18+00:00","dateModified":"2024-10-11T12:30:34+00:00","breadcrumb":{"@id":"https:\/\/kajakfriluftsliv.dk\/de\/outdoor-im-suedfuenischen-archipel\/#breadcrumb"},"inLanguage":"de","potentialAction":[{"@type":"ReadAction","target":["https:\/\/kajakfriluftsliv.dk\/de\/outdoor-im-suedfuenischen-archipel\/"]}]},{"@type":"ImageObject","inLanguage":"de","@id":"https:\/\/kajakfriluftsliv.dk\/de\/outdoor-im-suedfuenischen-archipel\/#primaryimage","url":"https:\/\/kajakfriluftsliv.dk\/wp-content\/uploads\/2025\/01\/thumbnail_image-4.png","contentUrl":"https:\/\/kajakfriluftsliv.dk\/wp-content\/uploads\/2025\/01\/thumbnail_image-4.png","width":1257,"height":947},{"@type":"BreadcrumbList","@id":"https:\/\/kajakfriluftsliv.dk\/de\/outdoor-im-suedfuenischen-archipel\/#breadcrumb","itemListElement":[{"@type":"ListItem","position":1,"name":"Forside","item":"https:\/\/kajakfriluftsliv.dk\/de\/hauptseite\/"},{"@type":"ListItem","position":2,"name":"Outdoor im S\u00fcdf\u00fcnischen Archipel"}]},{"@type":"WebSite","@id":"https:\/\/kajakfrilufsliv.webserver10.dk\/#website","url":"https:\/\/kajakfrilufsliv.webserver10.dk\/","name":"Lifeplan Kajak &amp; Friluftsliv","description":"SEO PRO ","publisher":{"@id":"https:\/\/kajakfrilufsliv.webserver10.dk\/#organization"},"potentialAction":[{"@type":"SearchAction","target":{"@type":"EntryPoint","urlTemplate":"https:\/\/kajakfrilufsliv.webserver10.dk\/?s={search_term_string}"},"query-input":{"@type":"PropertyValueSpecification","valueRequired":true,"valueName":"search_term_string"}}],"inLanguage":"de"},{"@type":"Organization","@id":"https:\/\/kajakfrilufsliv.webserver10.dk\/#organization","name":"Lifeplan Kajak &amp; Friluftsliv","url":"https:\/\/kajakfrilufsliv.webserver10.dk\/","logo":{"@type":"ImageObject","inLanguage":"de","@id":"https:\/\/kajakfrilufsliv.webserver10.dk\/#\/schema\/logo\/image\/","url":"https:\/\/kajakfriluftsliv.dk\/wp-content\/uploads\/2024\/08\/Lifeplan-Logostor-2.png","contentUrl":"https:\/\/kajakfriluftsliv.dk\/wp-content\/uploads\/2024\/08\/Lifeplan-Logostor-2.png","width":2048,"height":708,"caption":"Lifeplan Kajak &amp; Friluftsliv"},"image":{"@id":"https:\/\/kajakfrilufsliv.webserver10.dk\/#\/schema\/logo\/image\/"}}]}},"_links":{"self":[{"href":"https:\/\/kajakfriluftsliv.dk\/de\/wp-json\/wp\/v2\/pages\/9256","targetHints":{"allow":["GET"]}}],"collection":[{"href":"https:\/\/kajakfriluftsliv.dk\/de\/wp-json\/wp\/v2\/pages"}],"about":[{"href":"https:\/\/kajakfriluftsliv.dk\/de\/wp-json\/wp\/v2\/types\/page"}],"author":[{"embeddable":true,"href":"https:\/\/kajakfriluftsliv.dk\/de\/wp-json\/wp\/v2\/users\/5"}],"replies":[{"embeddable":true,"href":"https:\/\/kajakfriluftsliv.dk\/de\/wp-json\/wp\/v2\/comments?post=9256"}],"version-history":[{"count":3,"href":"https:\/\/kajakfriluftsliv.dk\/de\/wp-json\/wp\/v2\/pages\/9256\/revisions"}],"predecessor-version":[{"id":9263,"href":"https:\/\/kajakfriluftsliv.dk\/de\/wp-json\/wp\/v2\/pages\/9256\/revisions\/9263"}],"wp:featuredmedia":[{"embeddable":true,"href":"https:\/\/kajakfriluftsliv.dk\/de\/wp-json\/wp\/v2\/media\/9330"}],"wp:attachment":[{"href":"https:\/\/kajakfriluftsliv.dk\/de\/wp-json\/wp\/v2\/media?parent=9256"}],"wp:term":[{"taxonomy":"category","embeddable":true,"href":"https:\/\/kajakfriluftsliv.dk\/de\/wp-json\/wp\/v2\/categories?post=9256"}],"curies":[{"name":"wp","href":"https:\/\/api.w.org\/{rel}","templated":true}]}}