{"id":9053,"date":"2024-08-08T08:58:19","date_gmt":"2024-08-08T06:58:19","guid":{"rendered":"https:\/\/kajakfriluftsliv.dk\/partner-fuer-die-zusammenarbeit\/"},"modified":"2025-01-29T09:23:11","modified_gmt":"2025-01-29T08:23:11","slug":"partner-fuer-die-zusammenarbeit","status":"publish","type":"page","link":"https:\/\/kajakfriluftsliv.dk\/de\/partner-fuer-die-zusammenarbeit\/","title":{"rendered":"Partner f\u00fcr die Zusammenarbeit"},"content":{"rendered":"\t\t<div data-elementor-type=\"wp-page\" data-elementor-id=\"9053\" class=\"elementor elementor-9053 elementor-8579\" data-elementor-post-type=\"page\">\n\t\t\t\t<div class=\"elementor-element elementor-element-6cc22d9e e-con-full no-padding e-flex e-con e-parent\" data-id=\"6cc22d9e\" data-element_type=\"container\">\n\t\t\t\t<div class=\"elementor-element elementor-element-bd576ab elementor-widget elementor-widget-shortcode\" data-id=\"bd576ab\" data-element_type=\"widget\" data-widget_type=\"shortcode.default\">\n\t\t\t\t<div class=\"elementor-widget-container\">\n\t\t\t\t\t<div class=\"elementor-shortcode\">\t\t<div data-elementor-type=\"container\" data-elementor-id=\"6542\" class=\"elementor elementor-6542\" data-elementor-post-type=\"elementor_library\">\n\t\t\t\t<div class=\"elementor-element elementor-element-2bc4b5ab white e-flex e-con-boxed e-con e-parent\" data-id=\"2bc4b5ab\" data-element_type=\"container\" data-settings=\"{&quot;background_background&quot;:&quot;classic&quot;}\">\n\t\t\t\t\t<div class=\"e-con-inner\">\n\t\t\t\t<div class=\"elementor-element elementor-element-1d645c29 elementor-icon-list--layout-inline elementor-align-center elementor-list-item-link-full_width elementor-widget elementor-widget-icon-list\" data-id=\"1d645c29\" data-element_type=\"widget\" data-widget_type=\"icon-list.default\">\n\t\t\t\t<div class=\"elementor-widget-container\">\n\t\t\t\t\t<ul class=\"elementor-icon-list-items elementor-inline-items\">\n\t\t\t\t\t\t\t<li class=\"elementor-icon-list-item elementor-inline-item\">\n\t\t\t\t\t\t\t\t\t\t\t<a href=\"tel:60723900\">\n\n\t\t\t\t\t\t\t\t\t\t\t<span class=\"elementor-icon-list-text\">(+45) 60 72 39 00<\/span>\n\t\t\t\t\t\t\t\t\t\t\t<\/a>\n\t\t\t\t\t\t\t\t\t<\/li>\n\t\t\t\t\t\t\t\t<li class=\"elementor-icon-list-item elementor-inline-item\">\n\t\t\t\t\t\t\t\t\t\t\t<a href=\"mailto:info@kajakfriluftsliv.dk\">\n\n\t\t\t\t\t\t\t\t\t\t\t<span class=\"elementor-icon-list-text\">info@kajakfriluftsliv.dk<\/span>\n\t\t\t\t\t\t\t\t\t\t\t<\/a>\n\t\t\t\t\t\t\t\t\t<\/li>\n\t\t\t\t\t\t<\/ul>\n\t\t\t\t<\/div>\n\t\t\t\t<\/div>\n\t\t\t\t\t<\/div>\n\t\t\t\t<\/div>\n\t\t\t\t<\/div>\n\t\t<\/div>\n\t\t\t\t<\/div>\n\t\t\t\t<\/div>\n\t\t\t\t<\/div>\n\t\t<div class=\"elementor-element elementor-element-1dc3dd15 e-flex e-con-boxed e-con e-parent\" data-id=\"1dc3dd15\" data-element_type=\"container\">\n\t\t\t\t\t<div class=\"e-con-inner\">\n\t\t<div class=\"elementor-element elementor-element-60f352e7 e-con-full e-flex e-con e-child\" data-id=\"60f352e7\" data-element_type=\"container\">\n\t\t\t\t<div class=\"elementor-element elementor-element-5f4cb5bb elementor-widget__width-initial elementor-widget elementor-widget-text-editor\" data-id=\"5f4cb5bb\" data-element_type=\"widget\" data-widget_type=\"text-editor.default\">\n\t\t\t\t<div class=\"elementor-widget-container\">\n\t\t\t\t\t\t\t<h2 style=\"text-align: center;\">Hier finden Sie eine Liste unserer Partner<\/h2>\n<p style=\"text-align: center;\">Ohne sie w\u00e4re Lifeplan Kayak &amp; Outdoor Life nichts&#8230;<\/p>\n\t\t\t\t\t\t<\/div>\n\t\t\t\t<\/div>\n\t\t\t\t<\/div>\n\t\t<div class=\"elementor-element elementor-element-301fcd9 e-con-full e-flex e-con e-child\" data-id=\"301fcd9\" data-element_type=\"container\">\n\t\t<div class=\"elementor-element elementor-element-63d1be1 e-con-full e-flex e-con e-child\" data-id=\"63d1be1\" data-element_type=\"container\" data-settings=\"{&quot;background_background&quot;:&quot;classic&quot;}\">\n\t\t\t\t<div class=\"elementor-element elementor-element-ef1a889 elementor-absolute elementor-widget elementor-widget-button\" data-id=\"ef1a889\" data-element_type=\"widget\" data-settings=\"{&quot;_position&quot;:&quot;absolute&quot;}\" data-widget_type=\"button.default\">\n\t\t\t\t<div class=\"elementor-widget-container\">\n\t\t\t\t\t<div class=\"elementor-button-wrapper\">\n\t\t\t<a class=\"elementor-button elementor-button-link elementor-size-sm\" href=\"https:\/\/www.christiansminde.dk\/en\/\" target=\"_blank\">\n\t\t\t\t\t\t<span class=\"elementor-button-content-wrapper\">\n\t\t\t\t\t\t\t\t\t<span class=\"elementor-button-text\">Website hier<\/span>\n\t\t\t\t\t<\/span>\n\t\t\t\t\t<\/a>\n\t\t<\/div>\n\t\t\t\t<\/div>\n\t\t\t\t<\/div>\n\t\t\t\t<\/div>\n\t\t\t\t<div class=\"elementor-element elementor-element-2f82a57 elementor-widget elementor-widget-text-editor\" data-id=\"2f82a57\" data-element_type=\"widget\" data-widget_type=\"text-editor.default\">\n\t\t\t\t<div class=\"elementor-widget-container\">\n\t\t\t\t\t\t\t<h3>Hotel Christiansminde<\/h3>\n<p>Svendborgs bestgelegenes Hotel, von dem aus der Kajakverleih und die Kajakkurse von Lifeplan Kajak &amp; Friluftliv angeboten werden.<\/p>\n\t\t\t\t\t\t<\/div>\n\t\t\t\t<\/div>\n\t\t\t\t<\/div>\n\t\t<div class=\"elementor-element elementor-element-3ce2db2 e-con-full e-flex e-con e-child\" data-id=\"3ce2db2\" data-element_type=\"container\">\n\t\t<div class=\"elementor-element elementor-element-0ab30b3 e-con-full e-flex e-con e-child\" data-id=\"0ab30b3\" data-element_type=\"container\" data-settings=\"{&quot;background_background&quot;:&quot;classic&quot;}\">\n\t\t\t\t<div class=\"elementor-element elementor-element-306a1d6 elementor-absolute elementor-widget elementor-widget-button\" data-id=\"306a1d6\" data-element_type=\"widget\" data-settings=\"{&quot;_position&quot;:&quot;absolute&quot;}\" data-widget_type=\"button.default\">\n\t\t\t\t<div class=\"elementor-widget-container\">\n\t\t\t\t\t<div class=\"elementor-button-wrapper\">\n\t\t\t<a class=\"elementor-button elementor-button-link elementor-size-sm\" href=\"https:\/\/healyourself.dk\/\" target=\"_blank\">\n\t\t\t\t\t\t<span class=\"elementor-button-content-wrapper\">\n\t\t\t\t\t\t\t\t\t<span class=\"elementor-button-text\">Website hier<\/span>\n\t\t\t\t\t<\/span>\n\t\t\t\t\t<\/a>\n\t\t<\/div>\n\t\t\t\t<\/div>\n\t\t\t\t<\/div>\n\t\t\t\t<\/div>\n\t\t\t\t<div class=\"elementor-element elementor-element-28ef12f elementor-widget elementor-widget-text-editor\" data-id=\"28ef12f\" data-element_type=\"widget\" data-widget_type=\"text-editor.default\">\n\t\t\t\t<div class=\"elementor-widget-container\">\n\t\t\t\t\t\t\t<h3>Generalindehuset B&amp;B<\/h3>\n<p>Wundersch\u00f6n gelegenes B&amp;B in Valdemarsslot auf T\u00e5singe mit Blick auf N\u00f8rreskoven und die Bucht Lunkebugten.<\/p>\n\t\t\t\t\t\t<\/div>\n\t\t\t\t<\/div>\n\t\t\t\t<\/div>\n\t\t<div class=\"elementor-element elementor-element-1824929 e-con-full e-flex e-con e-child\" data-id=\"1824929\" data-element_type=\"container\">\n\t\t<div class=\"elementor-element elementor-element-ea94d6f e-con-full e-flex e-con e-child\" data-id=\"ea94d6f\" data-element_type=\"container\" data-settings=\"{&quot;background_background&quot;:&quot;classic&quot;}\">\n\t\t\t\t<div class=\"elementor-element elementor-element-5f4b7d1 elementor-absolute elementor-widget elementor-widget-button\" data-id=\"5f4b7d1\" data-element_type=\"widget\" data-settings=\"{&quot;_position&quot;:&quot;absolute&quot;}\" data-widget_type=\"button.default\">\n\t\t\t\t<div class=\"elementor-widget-container\">\n\t\t\t\t\t<div class=\"elementor-button-wrapper\">\n\t\t\t<a class=\"elementor-button elementor-button-link elementor-size-sm\" href=\"https:\/\/www.broholmslot.dk\/DE.aspx\" target=\"_blank\">\n\t\t\t\t\t\t<span class=\"elementor-button-content-wrapper\">\n\t\t\t\t\t\t\t\t\t<span class=\"elementor-button-text\">Website hier<\/span>\n\t\t\t\t\t<\/span>\n\t\t\t\t\t<\/a>\n\t\t<\/div>\n\t\t\t\t<\/div>\n\t\t\t\t<\/div>\n\t\t\t\t<\/div>\n\t\t\t\t<div class=\"elementor-element elementor-element-bbc6ad3 elementor-widget elementor-widget-text-editor\" data-id=\"bbc6ad3\" data-element_type=\"widget\" data-widget_type=\"text-editor.default\">\n\t\t\t\t<div class=\"elementor-widget-container\">\n\t\t\t\t\t\t\t<h3>Schloss Broholm<\/h3>\n<p>Schloss Broholm hat eine idyllische Lage mit einem Park, einem Gutssee und einem Wassergraben, nur einen Steinwurf von der Stra\u00dfe Nyborg-Svendborg entfernt, auf halbem Weg zwischen Hesselager und Oure.<\/p>\n\t\t\t\t\t\t<\/div>\n\t\t\t\t<\/div>\n\t\t\t\t<\/div>\n\t\t\t\t\t<\/div>\n\t\t\t\t<\/div>\n\t\t\t\t<\/div>\n\t\t","protected":false},"excerpt":{"rendered":"<p>Hier finden Sie eine Liste unserer Partner Ohne sie w\u00e4re Lifeplan Kayak &amp; Outdoor Life nichts&#8230; Website hier Hotel Christiansminde Svendborgs bestgelegenes Hotel, von dem aus der Kajakverleih und die Kajakkurse von Lifeplan Kajak &amp; Friluftliv angeboten werden. Website hier Generalindehuset B&amp;B Wundersch\u00f6n gelegenes B&amp;B in Valdemarsslot auf T\u00e5singe mit Blick auf N\u00f8rreskoven und die &#8230; <a title=\"Partner f\u00fcr die Zusammenarbeit\" class=\"read-more\" href=\"https:\/\/kajakfriluftsliv.dk\/de\/partner-fuer-die-zusammenarbeit\/\" aria-label=\"Mehr Informationen \u00fcber Partner f\u00fcr die Zusammenarbeit\">Weiterlesen &#8230;<\/a><\/p>\n","protected":false},"author":5,"featured_media":0,"parent":0,"menu_order":0,"comment_status":"closed","ping_status":"closed","template":"","meta":{"_acf_changed":false,"footnotes":""},"categories":[],"class_list":["post-9053","page","type-page","status-publish"],"acf":[],"yoast_head":"<!-- This site is optimized with the Yoast SEO plugin v27.5 - https:\/\/yoast.com\/product\/yoast-seo-wordpress\/ -->\n<title>Partner f\u00fcr die Zusammenarbeit | Lifeplan Kajak &amp; Friluftsliv<\/title>\n<meta name=\"robots\" content=\"index, follow, max-snippet:-1, max-image-preview:large, max-video-preview:-1\" \/>\n<link rel=\"canonical\" href=\"https:\/\/kajakfriluftsliv.dk\/samarbejdsoartnere\/\" \/>\n<meta property=\"og:locale\" content=\"de_DE\" \/>\n<meta property=\"og:type\" content=\"article\" \/>\n<meta property=\"og:title\" content=\"Partner f\u00fcr die Zusammenarbeit | Lifeplan Kajak &amp; Friluftsliv\" \/>\n<meta property=\"og:description\" content=\"Hier finden Sie eine Liste unserer Partner Ohne sie w\u00e4re Lifeplan Kayak &amp; Outdoor Life nichts&#8230; Website hier Hotel Christiansminde Svendborgs bestgelegenes Hotel, von dem aus der Kajakverleih und die Kajakkurse von Lifeplan Kajak &amp; Friluftliv angeboten werden. Website hier Generalindehuset B&amp;B Wundersch\u00f6n gelegenes B&amp;B in Valdemarsslot auf T\u00e5singe mit Blick auf N\u00f8rreskoven und die ... Weiterlesen ...\" \/>\n<meta property=\"og:url\" content=\"https:\/\/kajakfriluftsliv.dk\/samarbejdsoartnere\/\" \/>\n<meta property=\"og:site_name\" content=\"Lifeplan Kajak &amp; Friluftsliv\" \/>\n<meta property=\"article:modified_time\" content=\"2025-01-29T08:23:11+00:00\" \/>\n<meta name=\"twitter:card\" content=\"summary_large_image\" \/>\n<meta name=\"twitter:label1\" content=\"Gesch\u00e4tzte Lesezeit\" \/>\n\t<meta name=\"twitter:data1\" content=\"1\u00a0Minute\" \/>\n<script type=\"application\/ld+json\" class=\"yoast-schema-graph\">{\"@context\":\"https:\\\/\\\/schema.org\",\"@graph\":[{\"@type\":\"WebPage\",\"@id\":\"https:\\\/\\\/kajakfriluftsliv.dk\\\/samarbejdsoartnere\\\/\",\"url\":\"https:\\\/\\\/kajakfriluftsliv.dk\\\/samarbejdsoartnere\\\/\",\"name\":\"Partner f\u00fcr die Zusammenarbeit | Lifeplan Kajak &amp; Friluftsliv\",\"isPartOf\":{\"@id\":\"https:\\\/\\\/kajakfrilufsliv.webserver10.dk\\\/#website\"},\"datePublished\":\"2024-08-08T06:58:19+00:00\",\"dateModified\":\"2025-01-29T08:23:11+00:00\",\"breadcrumb\":{\"@id\":\"https:\\\/\\\/kajakfriluftsliv.dk\\\/samarbejdsoartnere\\\/#breadcrumb\"},\"inLanguage\":\"de\",\"potentialAction\":[{\"@type\":\"ReadAction\",\"target\":[\"https:\\\/\\\/kajakfriluftsliv.dk\\\/samarbejdsoartnere\\\/\"]}]},{\"@type\":\"BreadcrumbList\",\"@id\":\"https:\\\/\\\/kajakfriluftsliv.dk\\\/samarbejdsoartnere\\\/#breadcrumb\",\"itemListElement\":[{\"@type\":\"ListItem\",\"position\":1,\"name\":\"Forside\",\"item\":\"https:\\\/\\\/kajakfriluftsliv.dk\\\/de\\\/hauptseite\\\/\"},{\"@type\":\"ListItem\",\"position\":2,\"name\":\"Partner f\u00fcr die Zusammenarbeit\"}]},{\"@type\":\"WebSite\",\"@id\":\"https:\\\/\\\/kajakfrilufsliv.webserver10.dk\\\/#website\",\"url\":\"https:\\\/\\\/kajakfrilufsliv.webserver10.dk\\\/\",\"name\":\"Lifeplan Kajak &amp; Friluftsliv\",\"description\":\"SEO PRO \",\"publisher\":{\"@id\":\"https:\\\/\\\/kajakfrilufsliv.webserver10.dk\\\/#organization\"},\"potentialAction\":[{\"@type\":\"SearchAction\",\"target\":{\"@type\":\"EntryPoint\",\"urlTemplate\":\"https:\\\/\\\/kajakfrilufsliv.webserver10.dk\\\/?s={search_term_string}\"},\"query-input\":{\"@type\":\"PropertyValueSpecification\",\"valueRequired\":true,\"valueName\":\"search_term_string\"}}],\"inLanguage\":\"de\"},{\"@type\":\"Organization\",\"@id\":\"https:\\\/\\\/kajakfrilufsliv.webserver10.dk\\\/#organization\",\"name\":\"Lifeplan Kajak &amp; Friluftsliv\",\"url\":\"https:\\\/\\\/kajakfrilufsliv.webserver10.dk\\\/\",\"logo\":{\"@type\":\"ImageObject\",\"inLanguage\":\"de\",\"@id\":\"https:\\\/\\\/kajakfrilufsliv.webserver10.dk\\\/#\\\/schema\\\/logo\\\/image\\\/\",\"url\":\"https:\\\/\\\/kajakfriluftsliv.dk\\\/wp-content\\\/uploads\\\/2024\\\/08\\\/Lifeplan-Logostor-2.png\",\"contentUrl\":\"https:\\\/\\\/kajakfriluftsliv.dk\\\/wp-content\\\/uploads\\\/2024\\\/08\\\/Lifeplan-Logostor-2.png\",\"width\":2048,\"height\":708,\"caption\":\"Lifeplan Kajak &amp; Friluftsliv\"},\"image\":{\"@id\":\"https:\\\/\\\/kajakfrilufsliv.webserver10.dk\\\/#\\\/schema\\\/logo\\\/image\\\/\"}}]}<\/script>\n<!-- \/ Yoast SEO plugin. -->","yoast_head_json":{"title":"Partner f\u00fcr die Zusammenarbeit | Lifeplan Kajak &amp; Friluftsliv","robots":{"index":"index","follow":"follow","max-snippet":"max-snippet:-1","max-image-preview":"max-image-preview:large","max-video-preview":"max-video-preview:-1"},"canonical":"https:\/\/kajakfriluftsliv.dk\/samarbejdsoartnere\/","og_locale":"de_DE","og_type":"article","og_title":"Partner f\u00fcr die Zusammenarbeit | Lifeplan Kajak &amp; Friluftsliv","og_description":"Hier finden Sie eine Liste unserer Partner Ohne sie w\u00e4re Lifeplan Kayak &amp; Outdoor Life nichts&#8230; Website hier Hotel Christiansminde Svendborgs bestgelegenes Hotel, von dem aus der Kajakverleih und die Kajakkurse von Lifeplan Kajak &amp; Friluftliv angeboten werden. Website hier Generalindehuset B&amp;B Wundersch\u00f6n gelegenes B&amp;B in Valdemarsslot auf T\u00e5singe mit Blick auf N\u00f8rreskoven und die ... Weiterlesen ...","og_url":"https:\/\/kajakfriluftsliv.dk\/samarbejdsoartnere\/","og_site_name":"Lifeplan Kajak &amp; Friluftsliv","article_modified_time":"2025-01-29T08:23:11+00:00","twitter_card":"summary_large_image","twitter_misc":{"Gesch\u00e4tzte Lesezeit":"1\u00a0Minute"},"schema":{"@context":"https:\/\/schema.org","@graph":[{"@type":"WebPage","@id":"https:\/\/kajakfriluftsliv.dk\/samarbejdsoartnere\/","url":"https:\/\/kajakfriluftsliv.dk\/samarbejdsoartnere\/","name":"Partner f\u00fcr die Zusammenarbeit | Lifeplan Kajak &amp; Friluftsliv","isPartOf":{"@id":"https:\/\/kajakfrilufsliv.webserver10.dk\/#website"},"datePublished":"2024-08-08T06:58:19+00:00","dateModified":"2025-01-29T08:23:11+00:00","breadcrumb":{"@id":"https:\/\/kajakfriluftsliv.dk\/samarbejdsoartnere\/#breadcrumb"},"inLanguage":"de","potentialAction":[{"@type":"ReadAction","target":["https:\/\/kajakfriluftsliv.dk\/samarbejdsoartnere\/"]}]},{"@type":"BreadcrumbList","@id":"https:\/\/kajakfriluftsliv.dk\/samarbejdsoartnere\/#breadcrumb","itemListElement":[{"@type":"ListItem","position":1,"name":"Forside","item":"https:\/\/kajakfriluftsliv.dk\/de\/hauptseite\/"},{"@type":"ListItem","position":2,"name":"Partner f\u00fcr die Zusammenarbeit"}]},{"@type":"WebSite","@id":"https:\/\/kajakfrilufsliv.webserver10.dk\/#website","url":"https:\/\/kajakfrilufsliv.webserver10.dk\/","name":"Lifeplan Kajak &amp; Friluftsliv","description":"SEO PRO ","publisher":{"@id":"https:\/\/kajakfrilufsliv.webserver10.dk\/#organization"},"potentialAction":[{"@type":"SearchAction","target":{"@type":"EntryPoint","urlTemplate":"https:\/\/kajakfrilufsliv.webserver10.dk\/?s={search_term_string}"},"query-input":{"@type":"PropertyValueSpecification","valueRequired":true,"valueName":"search_term_string"}}],"inLanguage":"de"},{"@type":"Organization","@id":"https:\/\/kajakfrilufsliv.webserver10.dk\/#organization","name":"Lifeplan Kajak &amp; Friluftsliv","url":"https:\/\/kajakfrilufsliv.webserver10.dk\/","logo":{"@type":"ImageObject","inLanguage":"de","@id":"https:\/\/kajakfrilufsliv.webserver10.dk\/#\/schema\/logo\/image\/","url":"https:\/\/kajakfriluftsliv.dk\/wp-content\/uploads\/2024\/08\/Lifeplan-Logostor-2.png","contentUrl":"https:\/\/kajakfriluftsliv.dk\/wp-content\/uploads\/2024\/08\/Lifeplan-Logostor-2.png","width":2048,"height":708,"caption":"Lifeplan Kajak &amp; Friluftsliv"},"image":{"@id":"https:\/\/kajakfrilufsliv.webserver10.dk\/#\/schema\/logo\/image\/"}}]}},"_links":{"self":[{"href":"https:\/\/kajakfriluftsliv.dk\/de\/wp-json\/wp\/v2\/pages\/9053","targetHints":{"allow":["GET"]}}],"collection":[{"href":"https:\/\/kajakfriluftsliv.dk\/de\/wp-json\/wp\/v2\/pages"}],"about":[{"href":"https:\/\/kajakfriluftsliv.dk\/de\/wp-json\/wp\/v2\/types\/page"}],"author":[{"embeddable":true,"href":"https:\/\/kajakfriluftsliv.dk\/de\/wp-json\/wp\/v2\/users\/5"}],"replies":[{"embeddable":true,"href":"https:\/\/kajakfriluftsliv.dk\/de\/wp-json\/wp\/v2\/comments?post=9053"}],"version-history":[{"count":4,"href":"https:\/\/kajakfriluftsliv.dk\/de\/wp-json\/wp\/v2\/pages\/9053\/revisions"}],"predecessor-version":[{"id":9342,"href":"https:\/\/kajakfriluftsliv.dk\/de\/wp-json\/wp\/v2\/pages\/9053\/revisions\/9342"}],"wp:attachment":[{"href":"https:\/\/kajakfriluftsliv.dk\/de\/wp-json\/wp\/v2\/media?parent=9053"}],"wp:term":[{"taxonomy":"category","embeddable":true,"href":"https:\/\/kajakfriluftsliv.dk\/de\/wp-json\/wp\/v2\/categories?post=9053"}],"curies":[{"name":"wp","href":"https:\/\/api.w.org\/{rel}","templated":true}]}}