{"id":9034,"date":"2024-08-08T08:58:19","date_gmt":"2024-08-08T06:58:19","guid":{"rendered":"https:\/\/kajakfriluftsliv.dk\/fakten-ueber-pagaj-aare\/"},"modified":"2024-10-07T07:10:09","modified_gmt":"2024-10-07T05:10:09","slug":"fakten-ueber-pagaj-aare","status":"publish","type":"page","link":"https:\/\/kajakfriluftsliv.dk\/de\/fakten-ueber-pagaj-aare\/","title":{"rendered":"Fakten \u00fcber Pagaj &amp; \u00c5re"},"content":{"rendered":"\t\t<div data-elementor-type=\"wp-page\" data-elementor-id=\"9034\" class=\"elementor elementor-9034 elementor-8584\" data-elementor-post-type=\"page\">\n\t\t\t\t<div class=\"elementor-element elementor-element-7a5b893b e-con-full no-padding e-flex e-con e-parent\" data-id=\"7a5b893b\" data-element_type=\"container\">\n\t\t\t\t<div class=\"elementor-element elementor-element-2ec2be0e elementor-widget elementor-widget-shortcode\" data-id=\"2ec2be0e\" data-element_type=\"widget\" data-widget_type=\"shortcode.default\">\n\t\t\t\t<div class=\"elementor-widget-container\">\n\t\t\t\t\t<div class=\"elementor-shortcode\">\t\t<div data-elementor-type=\"container\" data-elementor-id=\"6542\" class=\"elementor elementor-6542\" data-elementor-post-type=\"elementor_library\">\n\t\t\t\t<div class=\"elementor-element elementor-element-2bc4b5ab white e-flex e-con-boxed e-con e-parent\" data-id=\"2bc4b5ab\" data-element_type=\"container\" data-settings=\"{&quot;background_background&quot;:&quot;classic&quot;}\">\n\t\t\t\t\t<div class=\"e-con-inner\">\n\t\t\t\t<div class=\"elementor-element elementor-element-1d645c29 elementor-icon-list--layout-inline elementor-align-center elementor-list-item-link-full_width elementor-widget elementor-widget-icon-list\" data-id=\"1d645c29\" data-element_type=\"widget\" data-widget_type=\"icon-list.default\">\n\t\t\t\t<div class=\"elementor-widget-container\">\n\t\t\t\t\t<ul class=\"elementor-icon-list-items elementor-inline-items\">\n\t\t\t\t\t\t\t<li class=\"elementor-icon-list-item elementor-inline-item\">\n\t\t\t\t\t\t\t\t\t\t\t<a href=\"tel:60723900\">\n\n\t\t\t\t\t\t\t\t\t\t\t<span class=\"elementor-icon-list-text\">(+45) 60 72 39 00<\/span>\n\t\t\t\t\t\t\t\t\t\t\t<\/a>\n\t\t\t\t\t\t\t\t\t<\/li>\n\t\t\t\t\t\t\t\t<li class=\"elementor-icon-list-item elementor-inline-item\">\n\t\t\t\t\t\t\t\t\t\t\t<a href=\"mailto:info@kajakfriluftsliv.dk\">\n\n\t\t\t\t\t\t\t\t\t\t\t<span class=\"elementor-icon-list-text\">info@kajakfriluftsliv.dk<\/span>\n\t\t\t\t\t\t\t\t\t\t\t<\/a>\n\t\t\t\t\t\t\t\t\t<\/li>\n\t\t\t\t\t\t<\/ul>\n\t\t\t\t<\/div>\n\t\t\t\t<\/div>\n\t\t\t\t\t<\/div>\n\t\t\t\t<\/div>\n\t\t\t\t<\/div>\n\t\t<\/div>\n\t\t\t\t<\/div>\n\t\t\t\t<\/div>\n\t\t\t\t<\/div>\n\t\t<div class=\"elementor-element elementor-element-1c5b8141 e-flex e-con-boxed e-con e-parent\" data-id=\"1c5b8141\" data-element_type=\"container\">\n\t\t\t\t\t<div class=\"e-con-inner\">\n\t\t<div class=\"elementor-element elementor-element-69af1c5 e-con-full e-flex e-con e-child\" data-id=\"69af1c5\" data-element_type=\"container\">\n\t\t\t\t<div class=\"elementor-element elementor-element-1d94c9b9 elementor-widget elementor-widget-text-editor\" data-id=\"1d94c9b9\" data-element_type=\"widget\" data-widget_type=\"text-editor.default\">\n\t\t\t\t<div class=\"elementor-widget-container\">\n\t\t\t\t\t\t\t<h2>Fakten \u00fcber \u00c5re &amp; Pagaj<\/h2>\n<p>Autor: Frederik Laursen November 2020<\/p>\n<p>Welches Ruder oder Paddel soll ich w\u00e4hlen?<br \/>\n-ist eine Frage, die Sie sich stellen k\u00f6nnten, wenn Sie mit dem Seekajakfahren beginnen wollen oder sogar schon ernsthaft von diesem wunderbaren Interesse gepackt sind! <\/p>\n<p>Als Kind war ich urspr\u00fcnglich unglaublich fasziniert von den gr\u00f6nl\u00e4ndischen Eskimos, den Inuit, und habe alle B\u00fccher mit den Gr\u00f6nlandreisenden Fridtjof Nansen, Knud Rasmussen, Mylius Erichsen, Peter Freuchen usw. gelesen und war wild fasziniert von ihren Schlittenfahrten und den Begegnungen mit den J\u00e4gern in den kleinen Siedlungen.<br \/>\nDie unglaubliche Anpassung an die arktischen Regionen und die Nutzung der knappen Ressourcen ist schlichtweg erstaunlich.<br \/>\nStellen Sie sich vor, dass sie in der Lage waren, aus Treibholz, Robbenfellen und Steinen, die sie am Ufer fanden, Jagdausr\u00fcstung, Seekajaks, Ruder, Harpunen und Schneidewerkzeuge zu bauen!<br \/>\nDas gr\u00f6nl\u00e4ndische Kajak und das gr\u00f6nl\u00e4ndische Ruder sind das Ergebnis einer mindestens 4500 Jahre w\u00e4hrenden Entwicklung und geh\u00f6ren noch immer zu den ultimativen Werkzeugen im Seekajaksport.   <\/p>\n<p>Das gr\u00f6nl\u00e4ndische Ruder ist aus Holz gefertigt, oft aus Fichte, Kiefer oder Zeder.<br \/>\nEs zeichnet sich durch einen runden oder abgerundeten quadratischen Griff in der Mitte und ein l\u00e4ngliches Blatt an jedem Ende mit oder ohne &#8222;Schultern&#8220; aus.<br \/>\nDie Maserung ist nicht in Scheiben geschnitten, wie es bei europ\u00e4ischen Paddeln oft der Fall ist.<br \/>\nDer Schnitt des Ruders oder Paddels ist der Winkel der Bl\u00e4tter im Verh\u00e4ltnis zueinander.<br \/>\nDas traditionelle gr\u00f6nl\u00e4ndische Ruder ist nicht geschlitzt, w\u00e4hrend die meisten europ\u00e4ischen Paddel in vielen verschiedenen Winkeln geschlitzt werden k\u00f6nnen, vielleicht sogar in einem 360-Grad-Winkel.<br \/>\nDamit das gr\u00f6nl\u00e4ndische Ruder optimal ist, sollte es an den Ruderer angepasst werden, sowohl in Bezug auf die L\u00e4nge als auch auf die Griffdicke, damit es zur Gr\u00f6\u00dfe der H\u00e4nde des Ruderers passt.<br \/>\nMan sagt, dass das gr\u00f6nl\u00e4ndische Ruder die verletzungsfreundlichste Antriebsart f\u00fcr ein Seekajak ist, weshalb viele erfahrene Kajakfahrer es einem europ\u00e4ischen Paddel vorziehen.<br \/>\nAu\u00dferdem ist das Gr\u00f6nlandpaddel hervorragend f\u00fcr die Technik und das Rudern geeignet und es ist leicht zu erlernen, das Kajak damit zu rollen.<br \/>\nModerne Versionen des Gr\u00f6nlandpaddels werden auch aus Kohlefaser und in teilbaren Versionen f\u00fcr einfachen Transport und Lagerung hergestellt.        <\/p>\n<p>Man k\u00f6nnte sagen, dass das Euro-Paddel eine Art Weiterentwicklung des Ruders ist, mit optimierter Blattform, neuen und starken Materialien wie Kunststoff oder Verbundwerkstoffen wie Fiberglas, Carbon und Kevlar.<br \/>\nAu\u00dferdem kann das Euro-Paddel oft um 10-15 cm verl\u00e4ngert und um 360 Grad gedreht werden, um es an die Bed\u00fcrfnisse des einzelnen Ruderers anzupassen.<br \/>\nEinige Euro-Paddel sind f\u00fcr schnelles Rudern angepasst, indem das Blatt in eine L\u00f6ffelform gebracht wird.<br \/>\nDies schafft eine optimale Flugbahn im Wasser und optimiert so die \u00dcbertragung der Energie vom Griff des Ruderers im Wasser auf die Geschwindigkeit im Kajak, zum Beispiel bei Rennen.<br \/>\nDiese Paddel werden als Fl\u00fcgelpaddel bezeichnet und erfordern eine besondere Ausbildung und Erfahrung.<br \/>\nDer bereits erw\u00e4hnte Schnitt des Paddels bietet einen Vorteil beim schnellen Rudern, da der Schnitt in die ergonomisch optimalste Art des Ruderns hineinwirkt und das obere Blatt des Paddels so angewinkelt ist, dass es den geringstm\u00f6glichen Windwiderstand bietet.     <\/p>\n<p>Sehen Sie sich ein Video \u00fcber Verletzungsvorbeugung und dar\u00fcber an, wie man das K\u00f6rperruder\/Paddel optimal bewegt, um einen optimalen Vortrieb im Kajak zu erreichen: <a href=\"https:\/\/www.youtube.com\/watch?v=XSrxrF200bk&amp;t=6s\">HIER<\/a><\/p>\n<p>Um das richtige Paddel\/Ruder auszuw\u00e4hlen, k\u00f6nnen Sie sich von Lars Gram beraten lassen, der einige sehr vern\u00fcnftige Ratschl\u00e4ge zur Auswahl des richtigen Werkzeugs hat: <a href=\"https:\/\/gramkajak.dk\/valg-af-pagaj\/\">HIER<\/a><\/p>\n<p>Sie k\u00f6nnen dasselbe mit Andreas Holm, alias &#8222;Kajakholm&#8220; auf dieser Website tun: <a href=\"https:\/\/kajakholm.dk\/kajakholm\/pagajer\">HIER<\/a><\/p>\n\t\t\t\t\t\t<\/div>\n\t\t\t\t<\/div>\n\t\t\t\t<\/div>\n\t\t<div class=\"elementor-element elementor-element-37ce23e4 e-con-full e-flex e-con e-child\" data-id=\"37ce23e4\" data-element_type=\"container\">\n\t\t\t\t<div class=\"elementor-element elementor-element-6c6b34de dark elementor-widget elementor-widget-sidebar\" data-id=\"6c6b34de\" data-element_type=\"widget\" data-widget_type=\"sidebar.default\">\n\t\t\t\t<div class=\"elementor-widget-container\">\n\t\t\t<aside id=\"text-13\" class=\"widget-odd widget-5 widget inner-padding widget_text\"><h2 class=\"widget-title\">M\u00f6chten Sie mehr h\u00f6ren?<\/h2>\t\t\t<div class=\"textwidget\"><p>F\u00fcllen Sie das Formular aus und wir werden uns so schnell wie m\u00f6glich bei Ihnen melden.<\/p>\n<\/div>\n\t\t<\/aside><aside id=\"forminator_widget-4\" class=\"widget-even widget-last widget-6 widget inner-padding widget_forminator_widget\"><form id=\"forminator-module-9095\" class=\"forminator-custom-form forminator-custom-form-9095\" method=\"post\" data-forminator-render=\"0\" data-uid=\"69dff790571a3\"><div role=\"alert\" aria-live=\"polite\" class=\"forminator-response-message forminator-error\" aria-hidden=\"true\"><\/div><\/form><\/aside>\t\t<\/div>\n\t\t\t\t<\/div>\n\t\t\t\t<\/div>\n\t\t\t\t\t<\/div>\n\t\t\t\t<\/div>\n\t\t<div class=\"elementor-element elementor-element-27229588 light e-flex e-con-boxed e-con e-parent\" data-id=\"27229588\" data-element_type=\"container\">\n\t\t\t\t\t<div class=\"e-con-inner\">\n\t\t\t\t<div class=\"elementor-element elementor-element-5c7c98bb elementor-widget elementor-widget-gallery\" data-id=\"5c7c98bb\" data-element_type=\"widget\" data-settings=\"{&quot;gap&quot;:{&quot;unit&quot;:&quot;px&quot;,&quot;size&quot;:30,&quot;sizes&quot;:[]},&quot;aspect_ratio&quot;:&quot;1:1&quot;,&quot;columns_tablet&quot;:3,&quot;columns_mobile&quot;:2,&quot;gap_tablet&quot;:{&quot;unit&quot;:&quot;px&quot;,&quot;size&quot;:15,&quot;sizes&quot;:[]},&quot;gap_mobile&quot;:{&quot;unit&quot;:&quot;px&quot;,&quot;size&quot;:15,&quot;sizes&quot;:[]},&quot;columns&quot;:2,&quot;lazyload&quot;:&quot;yes&quot;,&quot;gallery_layout&quot;:&quot;grid&quot;,&quot;gap_laptop&quot;:{&quot;unit&quot;:&quot;px&quot;,&quot;size&quot;:10,&quot;sizes&quot;:[]},&quot;link_to&quot;:&quot;file&quot;,&quot;content_hover_animation&quot;:&quot;fade-in&quot;}\" data-widget_type=\"gallery.default\">\n\t\t\t\t<div class=\"elementor-widget-container\">\n\t\t\t\t\t<div class=\"elementor-gallery__container\">\n\t\t\t\t\t\t\t<a class=\"e-gallery-item elementor-gallery-item elementor-animated-content\" href=\"https:\/\/kajakfriluftsliv.dk\/wp-content\/uploads\/2024\/08\/Groenlands-aare-800x800-1.jpg\" data-elementor-open-lightbox=\"yes\" data-elementor-lightbox-slideshow=\"5c7c98bb\" data-e-action-hash=\"#elementor-action%3Aaction%3Dlightbox%26settings%3DeyJpZCI6ODczOSwidXJsIjoiaHR0cHM6XC9cL2thamFrZnJpbHVmdHNsaXYuZGtcL3dwLWNvbnRlbnRcL3VwbG9hZHNcLzIwMjRcLzA4XC9Hcm9lbmxhbmRzLWFhcmUtODAweDgwMC0xLmpwZyIsInNsaWRlc2hvdyI6IjVjN2M5OGJiIn0%3D\" data-rel=\"-image-0\" data-rl_title=\"\" data-rl_caption=\"\" title=\"\">\n\t\t\t\t\t<div class=\"e-gallery-image elementor-gallery-item__image\" data-thumbnail=\"https:\/\/kajakfriluftsliv.dk\/wp-content\/uploads\/2024\/08\/Groenlands-aare-800x800-1.jpg\" data-width=\"800\" data-height=\"800\" aria-label=\"\u00c5rer til kajak kursus n\u00e6r Odense\" role=\"img\" ><\/div>\n\t\t\t\t\t\t\t\t\t\t\t\t\t\t<\/a>\n\t\t\t\t\t\t\t<a class=\"e-gallery-item elementor-gallery-item elementor-animated-content\" href=\"https:\/\/kajakfriluftsliv.dk\/wp-content\/uploads\/2024\/08\/Europaddle-800x800-1.jpg\" data-elementor-open-lightbox=\"yes\" data-elementor-lightbox-slideshow=\"5c7c98bb\" data-e-action-hash=\"#elementor-action%3Aaction%3Dlightbox%26settings%3DeyJpZCI6ODc0MCwidXJsIjoiaHR0cHM6XC9cL2thamFrZnJpbHVmdHNsaXYuZGtcL3dwLWNvbnRlbnRcL3VwbG9hZHNcLzIwMjRcLzA4XC9FdXJvcGFkZGxlLTgwMHg4MDAtMS5qcGciLCJzbGlkZXNob3ciOiI1YzdjOThiYiJ9\" data-rel=\"-image-1\" data-rl_title=\"\" data-rl_caption=\"\" title=\"\">\n\t\t\t\t\t<div class=\"e-gallery-image elementor-gallery-item__image\" data-thumbnail=\"https:\/\/kajakfriluftsliv.dk\/wp-content\/uploads\/2024\/08\/Europaddle-800x800-1.jpg\" data-width=\"800\" data-height=\"800\" aria-label=\"Paddle til r\u00e5dighed ved kajak kursus i Svendborg\" role=\"img\" ><\/div>\n\t\t\t\t\t\t\t\t\t\t\t\t\t\t<\/a>\n\t\t\t\t\t<\/div>\n\t\t\t<\/div>\n\t\t\t\t<\/div>\n\t\t\t\t\t<\/div>\n\t\t\t\t<\/div>\n\t\t\t\t<\/div>\n\t\t","protected":false},"excerpt":{"rendered":"<p>Fakten \u00fcber \u00c5re &amp; Pagaj Autor: Frederik Laursen November 2020 Welches Ruder oder Paddel soll ich w\u00e4hlen? -ist eine Frage, die Sie sich stellen k\u00f6nnten, wenn Sie mit dem Seekajakfahren beginnen wollen oder sogar schon ernsthaft von diesem wunderbaren Interesse gepackt sind! Als Kind war ich urspr\u00fcnglich unglaublich fasziniert von den gr\u00f6nl\u00e4ndischen Eskimos, den Inuit, &#8230; <a title=\"Fakten \u00fcber Pagaj &amp; \u00c5re\" class=\"read-more\" href=\"https:\/\/kajakfriluftsliv.dk\/de\/fakten-ueber-pagaj-aare\/\" aria-label=\"Mehr Informationen \u00fcber Fakten \u00fcber Pagaj &amp; \u00c5re\">Weiterlesen &#8230;<\/a><\/p>\n","protected":false},"author":5,"featured_media":9313,"parent":0,"menu_order":0,"comment_status":"closed","ping_status":"closed","template":"","meta":{"_acf_changed":false,"footnotes":""},"categories":[],"class_list":["post-9034","page","type-page","status-publish","has-post-thumbnail"],"acf":[],"yoast_head":"<!-- This site is optimized with the Yoast SEO plugin v27.3 - https:\/\/yoast.com\/product\/yoast-seo-wordpress\/ -->\n<title>Fakten \u00fcber Pagaj &amp; \u00c5re | Lifeplan Kajak &amp; Friluftsliv<\/title>\n<meta name=\"robots\" content=\"index, follow, max-snippet:-1, max-image-preview:large, max-video-preview:-1\" \/>\n<link rel=\"canonical\" href=\"https:\/\/kajakfriluftsliv.dk\/fakta-om-pagaj-aare\/\" \/>\n<meta property=\"og:locale\" content=\"de_DE\" \/>\n<meta property=\"og:type\" content=\"article\" \/>\n<meta property=\"og:title\" content=\"Fakten \u00fcber Pagaj &amp; \u00c5re | Lifeplan Kajak &amp; Friluftsliv\" \/>\n<meta property=\"og:description\" content=\"Fakten \u00fcber \u00c5re &amp; Pagaj Autor: Frederik Laursen November 2020 Welches Ruder oder Paddel soll ich w\u00e4hlen? -ist eine Frage, die Sie sich stellen k\u00f6nnten, wenn Sie mit dem Seekajakfahren beginnen wollen oder sogar schon ernsthaft von diesem wunderbaren Interesse gepackt sind! Als Kind war ich urspr\u00fcnglich unglaublich fasziniert von den gr\u00f6nl\u00e4ndischen Eskimos, den Inuit, ... Weiterlesen ...\" \/>\n<meta property=\"og:url\" content=\"https:\/\/kajakfriluftsliv.dk\/fakta-om-pagaj-aare\/\" \/>\n<meta property=\"og:site_name\" content=\"Lifeplan Kajak &amp; Friluftsliv\" \/>\n<meta property=\"article:modified_time\" content=\"2024-10-07T05:10:09+00:00\" \/>\n<meta property=\"og:image\" content=\"https:\/\/kajakfriluftsliv.dk\/wp-content\/uploads\/2025\/01\/thumbnail_image-3.png\" \/>\n\t<meta property=\"og:image:width\" content=\"800\" \/>\n\t<meta property=\"og:image:height\" content=\"800\" \/>\n\t<meta property=\"og:image:type\" content=\"image\/png\" \/>\n<meta name=\"twitter:card\" content=\"summary_large_image\" \/>\n<meta name=\"twitter:label1\" content=\"Gesch\u00e4tzte Lesezeit\" \/>\n\t<meta name=\"twitter:data1\" content=\"3\u00a0Minuten\" \/>\n<script type=\"application\/ld+json\" class=\"yoast-schema-graph\">{\"@context\":\"https:\\\/\\\/schema.org\",\"@graph\":[{\"@type\":\"WebPage\",\"@id\":\"https:\\\/\\\/kajakfriluftsliv.dk\\\/fakta-om-pagaj-aare\\\/\",\"url\":\"https:\\\/\\\/kajakfriluftsliv.dk\\\/fakta-om-pagaj-aare\\\/\",\"name\":\"Fakten \u00fcber Pagaj &amp; \u00c5re | Lifeplan Kajak &amp; Friluftsliv\",\"isPartOf\":{\"@id\":\"https:\\\/\\\/kajakfrilufsliv.webserver10.dk\\\/#website\"},\"primaryImageOfPage\":{\"@id\":\"https:\\\/\\\/kajakfriluftsliv.dk\\\/fakta-om-pagaj-aare\\\/#primaryimage\"},\"image\":{\"@id\":\"https:\\\/\\\/kajakfriluftsliv.dk\\\/fakta-om-pagaj-aare\\\/#primaryimage\"},\"thumbnailUrl\":\"https:\\\/\\\/kajakfriluftsliv.dk\\\/wp-content\\\/uploads\\\/2025\\\/01\\\/thumbnail_image-3.png\",\"datePublished\":\"2024-08-08T06:58:19+00:00\",\"dateModified\":\"2024-10-07T05:10:09+00:00\",\"breadcrumb\":{\"@id\":\"https:\\\/\\\/kajakfriluftsliv.dk\\\/fakta-om-pagaj-aare\\\/#breadcrumb\"},\"inLanguage\":\"de\",\"potentialAction\":[{\"@type\":\"ReadAction\",\"target\":[\"https:\\\/\\\/kajakfriluftsliv.dk\\\/fakta-om-pagaj-aare\\\/\"]}]},{\"@type\":\"ImageObject\",\"inLanguage\":\"de\",\"@id\":\"https:\\\/\\\/kajakfriluftsliv.dk\\\/fakta-om-pagaj-aare\\\/#primaryimage\",\"url\":\"https:\\\/\\\/kajakfriluftsliv.dk\\\/wp-content\\\/uploads\\\/2025\\\/01\\\/thumbnail_image-3.png\",\"contentUrl\":\"https:\\\/\\\/kajakfriluftsliv.dk\\\/wp-content\\\/uploads\\\/2025\\\/01\\\/thumbnail_image-3.png\",\"width\":800,\"height\":800,\"caption\":\"Padel\"},{\"@type\":\"BreadcrumbList\",\"@id\":\"https:\\\/\\\/kajakfriluftsliv.dk\\\/fakta-om-pagaj-aare\\\/#breadcrumb\",\"itemListElement\":[{\"@type\":\"ListItem\",\"position\":1,\"name\":\"Forside\",\"item\":\"https:\\\/\\\/kajakfriluftsliv.dk\\\/de\\\/hauptseite\\\/\"},{\"@type\":\"ListItem\",\"position\":2,\"name\":\"Fakten \u00fcber Pagaj &amp; \u00c5re\"}]},{\"@type\":\"WebSite\",\"@id\":\"https:\\\/\\\/kajakfrilufsliv.webserver10.dk\\\/#website\",\"url\":\"https:\\\/\\\/kajakfrilufsliv.webserver10.dk\\\/\",\"name\":\"Lifeplan Kajak &amp; Friluftsliv\",\"description\":\"SEO PRO \",\"publisher\":{\"@id\":\"https:\\\/\\\/kajakfrilufsliv.webserver10.dk\\\/#organization\"},\"potentialAction\":[{\"@type\":\"SearchAction\",\"target\":{\"@type\":\"EntryPoint\",\"urlTemplate\":\"https:\\\/\\\/kajakfrilufsliv.webserver10.dk\\\/?s={search_term_string}\"},\"query-input\":{\"@type\":\"PropertyValueSpecification\",\"valueRequired\":true,\"valueName\":\"search_term_string\"}}],\"inLanguage\":\"de\"},{\"@type\":\"Organization\",\"@id\":\"https:\\\/\\\/kajakfrilufsliv.webserver10.dk\\\/#organization\",\"name\":\"Lifeplan Kajak &amp; Friluftsliv\",\"url\":\"https:\\\/\\\/kajakfrilufsliv.webserver10.dk\\\/\",\"logo\":{\"@type\":\"ImageObject\",\"inLanguage\":\"de\",\"@id\":\"https:\\\/\\\/kajakfrilufsliv.webserver10.dk\\\/#\\\/schema\\\/logo\\\/image\\\/\",\"url\":\"https:\\\/\\\/kajakfriluftsliv.dk\\\/wp-content\\\/uploads\\\/2024\\\/08\\\/Lifeplan-Logostor-2.png\",\"contentUrl\":\"https:\\\/\\\/kajakfriluftsliv.dk\\\/wp-content\\\/uploads\\\/2024\\\/08\\\/Lifeplan-Logostor-2.png\",\"width\":2048,\"height\":708,\"caption\":\"Lifeplan Kajak &amp; Friluftsliv\"},\"image\":{\"@id\":\"https:\\\/\\\/kajakfrilufsliv.webserver10.dk\\\/#\\\/schema\\\/logo\\\/image\\\/\"}}]}<\/script>\n<!-- \/ Yoast SEO plugin. -->","yoast_head_json":{"title":"Fakten \u00fcber Pagaj &amp; \u00c5re | Lifeplan Kajak &amp; Friluftsliv","robots":{"index":"index","follow":"follow","max-snippet":"max-snippet:-1","max-image-preview":"max-image-preview:large","max-video-preview":"max-video-preview:-1"},"canonical":"https:\/\/kajakfriluftsliv.dk\/fakta-om-pagaj-aare\/","og_locale":"de_DE","og_type":"article","og_title":"Fakten \u00fcber Pagaj &amp; \u00c5re | Lifeplan Kajak &amp; Friluftsliv","og_description":"Fakten \u00fcber \u00c5re &amp; Pagaj Autor: Frederik Laursen November 2020 Welches Ruder oder Paddel soll ich w\u00e4hlen? -ist eine Frage, die Sie sich stellen k\u00f6nnten, wenn Sie mit dem Seekajakfahren beginnen wollen oder sogar schon ernsthaft von diesem wunderbaren Interesse gepackt sind! Als Kind war ich urspr\u00fcnglich unglaublich fasziniert von den gr\u00f6nl\u00e4ndischen Eskimos, den Inuit, ... Weiterlesen ...","og_url":"https:\/\/kajakfriluftsliv.dk\/fakta-om-pagaj-aare\/","og_site_name":"Lifeplan Kajak &amp; Friluftsliv","article_modified_time":"2024-10-07T05:10:09+00:00","og_image":[{"width":800,"height":800,"url":"https:\/\/kajakfriluftsliv.dk\/wp-content\/uploads\/2025\/01\/thumbnail_image-3.png","type":"image\/png"}],"twitter_card":"summary_large_image","twitter_misc":{"Gesch\u00e4tzte Lesezeit":"3\u00a0Minuten"},"schema":{"@context":"https:\/\/schema.org","@graph":[{"@type":"WebPage","@id":"https:\/\/kajakfriluftsliv.dk\/fakta-om-pagaj-aare\/","url":"https:\/\/kajakfriluftsliv.dk\/fakta-om-pagaj-aare\/","name":"Fakten \u00fcber Pagaj &amp; \u00c5re | Lifeplan Kajak &amp; Friluftsliv","isPartOf":{"@id":"https:\/\/kajakfrilufsliv.webserver10.dk\/#website"},"primaryImageOfPage":{"@id":"https:\/\/kajakfriluftsliv.dk\/fakta-om-pagaj-aare\/#primaryimage"},"image":{"@id":"https:\/\/kajakfriluftsliv.dk\/fakta-om-pagaj-aare\/#primaryimage"},"thumbnailUrl":"https:\/\/kajakfriluftsliv.dk\/wp-content\/uploads\/2025\/01\/thumbnail_image-3.png","datePublished":"2024-08-08T06:58:19+00:00","dateModified":"2024-10-07T05:10:09+00:00","breadcrumb":{"@id":"https:\/\/kajakfriluftsliv.dk\/fakta-om-pagaj-aare\/#breadcrumb"},"inLanguage":"de","potentialAction":[{"@type":"ReadAction","target":["https:\/\/kajakfriluftsliv.dk\/fakta-om-pagaj-aare\/"]}]},{"@type":"ImageObject","inLanguage":"de","@id":"https:\/\/kajakfriluftsliv.dk\/fakta-om-pagaj-aare\/#primaryimage","url":"https:\/\/kajakfriluftsliv.dk\/wp-content\/uploads\/2025\/01\/thumbnail_image-3.png","contentUrl":"https:\/\/kajakfriluftsliv.dk\/wp-content\/uploads\/2025\/01\/thumbnail_image-3.png","width":800,"height":800,"caption":"Padel"},{"@type":"BreadcrumbList","@id":"https:\/\/kajakfriluftsliv.dk\/fakta-om-pagaj-aare\/#breadcrumb","itemListElement":[{"@type":"ListItem","position":1,"name":"Forside","item":"https:\/\/kajakfriluftsliv.dk\/de\/hauptseite\/"},{"@type":"ListItem","position":2,"name":"Fakten \u00fcber Pagaj &amp; \u00c5re"}]},{"@type":"WebSite","@id":"https:\/\/kajakfrilufsliv.webserver10.dk\/#website","url":"https:\/\/kajakfrilufsliv.webserver10.dk\/","name":"Lifeplan Kajak &amp; Friluftsliv","description":"SEO PRO ","publisher":{"@id":"https:\/\/kajakfrilufsliv.webserver10.dk\/#organization"},"potentialAction":[{"@type":"SearchAction","target":{"@type":"EntryPoint","urlTemplate":"https:\/\/kajakfrilufsliv.webserver10.dk\/?s={search_term_string}"},"query-input":{"@type":"PropertyValueSpecification","valueRequired":true,"valueName":"search_term_string"}}],"inLanguage":"de"},{"@type":"Organization","@id":"https:\/\/kajakfrilufsliv.webserver10.dk\/#organization","name":"Lifeplan Kajak &amp; Friluftsliv","url":"https:\/\/kajakfrilufsliv.webserver10.dk\/","logo":{"@type":"ImageObject","inLanguage":"de","@id":"https:\/\/kajakfrilufsliv.webserver10.dk\/#\/schema\/logo\/image\/","url":"https:\/\/kajakfriluftsliv.dk\/wp-content\/uploads\/2024\/08\/Lifeplan-Logostor-2.png","contentUrl":"https:\/\/kajakfriluftsliv.dk\/wp-content\/uploads\/2024\/08\/Lifeplan-Logostor-2.png","width":2048,"height":708,"caption":"Lifeplan Kajak &amp; Friluftsliv"},"image":{"@id":"https:\/\/kajakfrilufsliv.webserver10.dk\/#\/schema\/logo\/image\/"}}]}},"_links":{"self":[{"href":"https:\/\/kajakfriluftsliv.dk\/de\/wp-json\/wp\/v2\/pages\/9034","targetHints":{"allow":["GET"]}}],"collection":[{"href":"https:\/\/kajakfriluftsliv.dk\/de\/wp-json\/wp\/v2\/pages"}],"about":[{"href":"https:\/\/kajakfriluftsliv.dk\/de\/wp-json\/wp\/v2\/types\/page"}],"author":[{"embeddable":true,"href":"https:\/\/kajakfriluftsliv.dk\/de\/wp-json\/wp\/v2\/users\/5"}],"replies":[{"embeddable":true,"href":"https:\/\/kajakfriluftsliv.dk\/de\/wp-json\/wp\/v2\/comments?post=9034"}],"version-history":[{"count":2,"href":"https:\/\/kajakfriluftsliv.dk\/de\/wp-json\/wp\/v2\/pages\/9034\/revisions"}],"predecessor-version":[{"id":9055,"href":"https:\/\/kajakfriluftsliv.dk\/de\/wp-json\/wp\/v2\/pages\/9034\/revisions\/9055"}],"wp:featuredmedia":[{"embeddable":true,"href":"https:\/\/kajakfriluftsliv.dk\/de\/wp-json\/wp\/v2\/media\/9313"}],"wp:attachment":[{"href":"https:\/\/kajakfriluftsliv.dk\/de\/wp-json\/wp\/v2\/media?parent=9034"}],"wp:term":[{"taxonomy":"category","embeddable":true,"href":"https:\/\/kajakfriluftsliv.dk\/de\/wp-json\/wp\/v2\/categories?post=9034"}],"curies":[{"name":"wp","href":"https:\/\/api.w.org\/{rel}","templated":true}]}}