{"id":9029,"date":"2024-08-08T08:58:19","date_gmt":"2024-08-08T06:58:19","guid":{"rendered":"https:\/\/kajakfriluftsliv.dk\/ueber-das-packen-des-seekajaks\/"},"modified":"2024-10-07T07:10:09","modified_gmt":"2024-10-07T05:10:09","slug":"ueber-das-packen-des-seekajaks","status":"publish","type":"page","link":"https:\/\/kajakfriluftsliv.dk\/de\/ueber-das-packen-des-seekajaks\/","title":{"rendered":"\u00dcber das Packen des Seekajaks"},"content":{"rendered":"\t\t<div data-elementor-type=\"wp-page\" data-elementor-id=\"9029\" class=\"elementor elementor-9029 elementor-8585\" data-elementor-post-type=\"page\">\n\t\t\t\t<div class=\"elementor-element elementor-element-25da11b1 e-con-full no-padding e-flex e-con e-parent\" data-id=\"25da11b1\" data-element_type=\"container\">\n\t\t\t\t<div class=\"elementor-element elementor-element-5c934af2 elementor-widget elementor-widget-shortcode\" data-id=\"5c934af2\" data-element_type=\"widget\" data-widget_type=\"shortcode.default\">\n\t\t\t\t<div class=\"elementor-widget-container\">\n\t\t\t\t\t<div class=\"elementor-shortcode\">\t\t<div data-elementor-type=\"container\" data-elementor-id=\"6542\" class=\"elementor elementor-6542\" data-elementor-post-type=\"elementor_library\">\n\t\t\t\t<div class=\"elementor-element elementor-element-2bc4b5ab white e-flex e-con-boxed e-con e-parent\" data-id=\"2bc4b5ab\" data-element_type=\"container\" data-settings=\"{&quot;background_background&quot;:&quot;classic&quot;}\">\n\t\t\t\t\t<div class=\"e-con-inner\">\n\t\t\t\t<div class=\"elementor-element elementor-element-1d645c29 elementor-icon-list--layout-inline elementor-align-center elementor-list-item-link-full_width elementor-widget elementor-widget-icon-list\" data-id=\"1d645c29\" data-element_type=\"widget\" data-widget_type=\"icon-list.default\">\n\t\t\t\t<div class=\"elementor-widget-container\">\n\t\t\t\t\t<ul class=\"elementor-icon-list-items elementor-inline-items\">\n\t\t\t\t\t\t\t<li class=\"elementor-icon-list-item elementor-inline-item\">\n\t\t\t\t\t\t\t\t\t\t\t<a href=\"tel:60723900\">\n\n\t\t\t\t\t\t\t\t\t\t\t<span class=\"elementor-icon-list-text\">(+45) 60 72 39 00<\/span>\n\t\t\t\t\t\t\t\t\t\t\t<\/a>\n\t\t\t\t\t\t\t\t\t<\/li>\n\t\t\t\t\t\t\t\t<li class=\"elementor-icon-list-item elementor-inline-item\">\n\t\t\t\t\t\t\t\t\t\t\t<a href=\"mailto:info@kajakfriluftsliv.dk\">\n\n\t\t\t\t\t\t\t\t\t\t\t<span class=\"elementor-icon-list-text\">info@kajakfriluftsliv.dk<\/span>\n\t\t\t\t\t\t\t\t\t\t\t<\/a>\n\t\t\t\t\t\t\t\t\t<\/li>\n\t\t\t\t\t\t<\/ul>\n\t\t\t\t<\/div>\n\t\t\t\t<\/div>\n\t\t\t\t\t<\/div>\n\t\t\t\t<\/div>\n\t\t\t\t<\/div>\n\t\t<\/div>\n\t\t\t\t<\/div>\n\t\t\t\t<\/div>\n\t\t\t\t<\/div>\n\t\t<div class=\"elementor-element elementor-element-5548ce2e e-flex e-con-boxed e-con e-parent\" data-id=\"5548ce2e\" data-element_type=\"container\">\n\t\t\t\t\t<div class=\"e-con-inner\">\n\t\t<div class=\"elementor-element elementor-element-64c4a3f e-con-full e-flex e-con e-child\" data-id=\"64c4a3f\" data-element_type=\"container\">\n\t\t\t\t<div class=\"elementor-element elementor-element-4218f949 elementor-widget elementor-widget-text-editor\" data-id=\"4218f949\" data-element_type=\"widget\" data-widget_type=\"text-editor.default\">\n\t\t\t\t<div class=\"elementor-widget-container\">\n\t\t\t\t\t\t\t<h3>Machen Sie eine Liste, bevor Sie Ihr Kajak packen<\/h3>\n<p>Autor: Frederik Laursen, November 2020<\/p>\n<p>Das Seekajak ist ein fantastisches Wasserfahrzeug und die perfekte M\u00f6glichkeit, die Natur und das Abenteuer auf nachhaltige Weise zu erleben.<br \/>\nEs erfordert jedoch eine gewisse Vorbereitung und das Packen Ihres Seekajaks f\u00fcr eine Reise kann eine ziemliche Kunst sein!<br \/>\nIn erster Linie kommt es darauf an, welche Art von Reise Sie unternehmen wollen.<br \/>\nWenn Sie einen Tagesausflug machen, ist das Packen weniger kompliziert, da Sie nicht so viel mitnehmen m\u00fcssen. Wenn Sie eine l\u00e4ngere Reise\/Expedition mit \u00dcbernachtungen machen, sieht die Sache schon ganz anders aus.<br \/>\nEs ist eine gute Idee, eine Packliste zu erstellen, bevor Sie losfahren.<br \/>\nIch werde hier eine gute und n\u00fctzliche Packliste wiedergeben, die ich selbst verwende, aber es sollte gesagt werden, dass einige Dinge sehr individuell sind und es spezielle Anforderungen geben kann, sowohl f\u00fcr die einzelne Reise\/Expedition, die ber\u00fccksichtigt werden m\u00fcssen.     <\/p>\n<h3>Packliste f\u00fcr eine verl\u00e4ngerte Wochenendreise\/Expedition:<\/h3>\n<p>In Reichweite\/ unter dem Tageslicht:<br \/>Paddel\/Extra-Paddel<br \/>Schwimmweste, mit Kompass, Pfeife, Messer,<br \/>Reifen bespr\u00fchen<br \/>Bugserline<br \/>Paddelschwimmer &amp; Bilgepumpe<br \/>Karten im wasserdichten Etui\/Beutel<br \/>Wasser in einer Wasserflasche an Deck<br \/>Sonnenhut\/Kappe<br \/>Sonnenbrille, Sonnenschutzmittel und Lippenbalsam<br \/>Kopfschmerztabletten und andere Notfallmedikamente<br \/>Sturmhaube<br \/>Nussmischung, Lakritze, Schokolade<br \/>Telefon in wasserdichter H\u00fclle<br \/>Powerbank<br \/>Kamera in Ihrer Tasche<br \/>Notfall-Rakete<br \/>Kompass auf Reifen<br \/>In Packwochen:<br \/>Lebensmittel und Getr\u00e4nke f\u00fcr mehrere Tage &#8211; aufgeteilt in mehrere wasserdichte Taschen<br \/>Thermoskanne, Tasse, Teebeutel, Instantkaffee<br \/>Messer\/Gabel\/L\u00f6ffel\/Teller\/Becher<br \/>Kleines Erste-Hilfe-Set mit Blasenpflastern<br \/>Isolierband und Klebeband<br \/>Mess kit &#8211; alles, was Sie nicht anziehen, wird in einem wasserdichten 20-Liter-Beutel im Kajak verstaut2-3 S\u00e4tze zus\u00e4tzlicher Unterw\u00e4sche<br \/>Lang\u00e4rmelige Ruderhemden<br \/>Kurz\u00e4rmelige Ruderhemden<br \/>Robopants (Laufhosen)<br \/>Roja Jacke<br \/>Ruderhandschuhe, wenn Sie zu Blasenbildung neigen<br \/>Neoprenstiefel und Socken, Crocs oder leichte Sandalen<br \/>Ausr\u00fcstung und Kleidung f\u00fcr das Camp\/Camping<br \/>Ein Paar leichte Hosen<br \/>T-shirt und Sweatshirt<br \/>Unterw\u00e4sche und Socken<br \/>Minimalistischer Kulturbeutel mit biologisch abbaubarer Seife, Zahnb\u00fcrste und Paste,<br \/>Handtuch (aus Kunststoff oder ein d\u00fcnnes Handtuch, das keinen Platz wegnimmt)<br \/>Schlafsack im wasserdichten Sack<br \/>Schlafmatte &amp; Kissen in wasserdichtem Sack<br \/>Taschenlampe<br \/>Ladeger\u00e4t f\u00fcr Handy, Kamera, Uhr, GPS<\/p>\n<h3>Platz in den Luken<\/h3>\n<p>Wenn Sie nur kurze Tagestouren rudern, brauchen Sie kein Kajak mit vielen Luken. Im Prinzip k\u00f6nnen Sie Ihre wichtigsten Habseligkeiten und Ihre Sicherheitsausr\u00fcstung in ein paar Trockens\u00e4cken verstauen, die in Stauf\u00e4chern und vielleicht hinter der R\u00fcckenlehne und manchmal auch zwischen Ihren Beinen verteilt sind.<br \/>\nEs empfiehlt sich jedoch, alle Taschen und Habseligkeiten zu sichern, falls Sie versehentlich aus dem Kajak fallen.<br \/>\nDer Paddelschwimmer und die Lenzpumpe k\u00f6nnen in Gummib\u00e4ndern auf dem vorderen oder hinteren Deck aufbewahrt werden. Der aufblasbare Paddelschwimmer und die Pumpe k\u00f6nnen aber auch im Cockpit aufbewahrt werden, allerdings so, dass sie im Falle einer Kenterung nicht aus dem Kajak fallen.  <\/p>\n<h3>Gewicht und Gewichtsverteilung<\/h3>\n<p>Viele gute Seekajaks sind mit einer Tagesluke ausgestattet, in der Notwendiges wie Nahrung und Sicherheitsausr\u00fcstung verstaut werden kann.<br \/>\nHier sollten die Dinge, die Sie h\u00e4ufig benutzen und im Notfall schnell erreichen m\u00fcssen, leicht zug\u00e4nglich sein, z.B. ein Kompass, eine Brille, Sonnencreme, ein Snack, eine Wasserflasche, eine Notfallrakete, usw.<br \/>\n<br \/>Weiter unten in den Tagesluken sollten Sie Kleidung zum Wechseln, ein gr\u00f6\u00dferes Lunchpaket f\u00fcr den Tag, eine zus\u00e4tzliche Wasserflasche, hei\u00dfes Wasser f\u00fcr Tee\/Kaffee usw. aufbewahren. In den gro\u00dfen Stauf\u00e4chern vorn und achtern ist es wichtig, das Gewicht der Ausr\u00fcstung so zu verteilen, dass es einigerma\u00dfen gleichm\u00e4\u00dfig verteilt ist, aber auch so, dass das, was Sie am h\u00e4ufigsten benutzen, am n\u00e4chsten an den Luken liegt und vorzugsweise in vielen kleineren Taschen statt in ein paar gr\u00f6\u00dferen Taschen. <br \/>Wenn Sie \u00fcber Nacht bleiben, sollten Sie nat\u00fcrlich einen Schlafsack, eine Isomatte, ein Kissen, ein Zelt\/Tarp usw. mitnehmen.<br \/>\nSie sollten \u00fcber eine sehr leichte Ausr\u00fcstung nachdenken, z.B. ein Zelt mit einem Gewicht von maximal 2,5 kg, einen leichten Schlafsack und eine Schlafmatte usw.<br \/>\nEs ist eine gute Idee, diese Dinge ganz vorne und hinten im Kajak zu verstauen, und nat\u00fcrlich immer in Trockens\u00e4cken!    <\/p>\n<p>Es braucht einige Erfahrung, um Ihr Kajak richtig zu packen und zu wissen, auf welche Ausr\u00fcstung Sie auf keinen Fall verzichten k\u00f6nnen.<br \/>\nEs gibt nur einen Weg, das herauszufinden, und der besteht darin, viele Fahrten zu unternehmen und auszuprobieren.<br \/>\nOft ist es eine individuelle Angelegenheit, was Sie brauchen, aber bei der Sicherheitsausr\u00fcstung sollten Sie niemals Kompromisse eingehen!  <\/p>\n\t\t\t\t\t\t<\/div>\n\t\t\t\t<\/div>\n\t\t\t\t<\/div>\n\t\t<div class=\"elementor-element elementor-element-4771c090 e-con-full e-flex e-con e-child\" data-id=\"4771c090\" data-element_type=\"container\">\n\t\t\t\t<div class=\"elementor-element elementor-element-3fe608de dark elementor-widget elementor-widget-sidebar\" data-id=\"3fe608de\" data-element_type=\"widget\" data-widget_type=\"sidebar.default\">\n\t\t\t\t<div class=\"elementor-widget-container\">\n\t\t\t<aside id=\"text-13\" class=\"widget-odd widget-5 widget inner-padding widget_text\"><h2 class=\"widget-title\">M\u00f6chten Sie mehr h\u00f6ren?<\/h2>\t\t\t<div class=\"textwidget\"><p>F\u00fcllen Sie das Formular aus und wir werden uns so schnell wie m\u00f6glich bei Ihnen melden.<\/p>\n<\/div>\n\t\t<\/aside><aside id=\"forminator_widget-4\" class=\"widget-even widget-last widget-6 widget inner-padding widget_forminator_widget\"><form id=\"forminator-module-9095\" class=\"forminator-custom-form forminator-custom-form-9095\" method=\"post\" data-forminator-render=\"0\" data-uid=\"69e4d174d6062\"><div role=\"alert\" aria-live=\"polite\" class=\"forminator-response-message forminator-error\" aria-hidden=\"true\"><\/div><\/form><\/aside>\t\t<\/div>\n\t\t\t\t<\/div>\n\t\t\t\t<\/div>\n\t\t\t\t\t<\/div>\n\t\t\t\t<\/div>\n\t\t\t\t<\/div>\n\t\t","protected":false},"excerpt":{"rendered":"<p>Machen Sie eine Liste, bevor Sie Ihr Kajak packen Autor: Frederik Laursen, November 2020 Das Seekajak ist ein fantastisches Wasserfahrzeug und die perfekte M\u00f6glichkeit, die Natur und das Abenteuer auf nachhaltige Weise zu erleben. Es erfordert jedoch eine gewisse Vorbereitung und das Packen Ihres Seekajaks f\u00fcr eine Reise kann eine ziemliche Kunst sein! In erster &#8230; <a title=\"\u00dcber das Packen des Seekajaks\" class=\"read-more\" href=\"https:\/\/kajakfriluftsliv.dk\/de\/ueber-das-packen-des-seekajaks\/\" aria-label=\"Mehr Informationen \u00fcber \u00dcber das Packen des Seekajaks\">Weiterlesen &#8230;<\/a><\/p>\n","protected":false},"author":5,"featured_media":9010,"parent":0,"menu_order":0,"comment_status":"closed","ping_status":"closed","template":"","meta":{"_acf_changed":false,"footnotes":""},"categories":[],"class_list":["post-9029","page","type-page","status-publish","has-post-thumbnail"],"acf":[],"yoast_head":"<!-- This site is optimized with the Yoast SEO plugin v27.4 - https:\/\/yoast.com\/product\/yoast-seo-wordpress\/ -->\n<title>\u00dcber das Packen des Seekajaks | Lifeplan Kajak &amp; Friluftsliv<\/title>\n<meta name=\"robots\" content=\"index, follow, max-snippet:-1, max-image-preview:large, max-video-preview:-1\" \/>\n<link rel=\"canonical\" href=\"https:\/\/kajakfriluftsliv.dk\/de\/ueber-das-packen-des-seekajaks\/\" \/>\n<meta property=\"og:locale\" content=\"de_DE\" \/>\n<meta property=\"og:type\" content=\"article\" \/>\n<meta property=\"og:title\" content=\"\u00dcber das Packen des Seekajaks | Lifeplan Kajak &amp; Friluftsliv\" \/>\n<meta property=\"og:description\" content=\"Machen Sie eine Liste, bevor Sie Ihr Kajak packen Autor: Frederik Laursen, November 2020 Das Seekajak ist ein fantastisches Wasserfahrzeug und die perfekte M\u00f6glichkeit, die Natur und das Abenteuer auf nachhaltige Weise zu erleben. Es erfordert jedoch eine gewisse Vorbereitung und das Packen Ihres Seekajaks f\u00fcr eine Reise kann eine ziemliche Kunst sein! In erster ... Weiterlesen ...\" \/>\n<meta property=\"og:url\" content=\"https:\/\/kajakfriluftsliv.dk\/de\/ueber-das-packen-des-seekajaks\/\" \/>\n<meta property=\"og:site_name\" content=\"Lifeplan Kajak &amp; Friluftsliv\" \/>\n<meta property=\"article:modified_time\" content=\"2024-10-07T05:10:09+00:00\" \/>\n<meta property=\"og:image\" content=\"https:\/\/kajakfriluftsliv.dk\/wp-content\/uploads\/2024\/08\/Pakke-Havkajakken1480x800.jpg\" \/>\n\t<meta property=\"og:image:width\" content=\"1480\" \/>\n\t<meta property=\"og:image:height\" content=\"800\" \/>\n\t<meta property=\"og:image:type\" content=\"image\/jpeg\" \/>\n<meta name=\"twitter:card\" content=\"summary_large_image\" \/>\n<meta name=\"twitter:label1\" content=\"Gesch\u00e4tzte Lesezeit\" \/>\n\t<meta name=\"twitter:data1\" content=\"4\u00a0Minuten\" \/>\n<script type=\"application\/ld+json\" class=\"yoast-schema-graph\">{\"@context\":\"https:\\\/\\\/schema.org\",\"@graph\":[{\"@type\":\"WebPage\",\"@id\":\"https:\\\/\\\/kajakfriluftsliv.dk\\\/de\\\/ueber-das-packen-des-seekajaks\\\/\",\"url\":\"https:\\\/\\\/kajakfriluftsliv.dk\\\/de\\\/ueber-das-packen-des-seekajaks\\\/\",\"name\":\"\u00dcber das Packen des Seekajaks | Lifeplan Kajak &amp; Friluftsliv\",\"isPartOf\":{\"@id\":\"https:\\\/\\\/kajakfrilufsliv.webserver10.dk\\\/#website\"},\"primaryImageOfPage\":{\"@id\":\"https:\\\/\\\/kajakfriluftsliv.dk\\\/de\\\/ueber-das-packen-des-seekajaks\\\/#primaryimage\"},\"image\":{\"@id\":\"https:\\\/\\\/kajakfriluftsliv.dk\\\/de\\\/ueber-das-packen-des-seekajaks\\\/#primaryimage\"},\"thumbnailUrl\":\"https:\\\/\\\/kajakfriluftsliv.dk\\\/wp-content\\\/uploads\\\/2024\\\/08\\\/Pakke-Havkajakken1480x800.jpg\",\"datePublished\":\"2024-08-08T06:58:19+00:00\",\"dateModified\":\"2024-10-07T05:10:09+00:00\",\"breadcrumb\":{\"@id\":\"https:\\\/\\\/kajakfriluftsliv.dk\\\/de\\\/ueber-das-packen-des-seekajaks\\\/#breadcrumb\"},\"inLanguage\":\"de\",\"potentialAction\":[{\"@type\":\"ReadAction\",\"target\":[\"https:\\\/\\\/kajakfriluftsliv.dk\\\/de\\\/ueber-das-packen-des-seekajaks\\\/\"]}]},{\"@type\":\"ImageObject\",\"inLanguage\":\"de\",\"@id\":\"https:\\\/\\\/kajakfriluftsliv.dk\\\/de\\\/ueber-das-packen-des-seekajaks\\\/#primaryimage\",\"url\":\"https:\\\/\\\/kajakfriluftsliv.dk\\\/wp-content\\\/uploads\\\/2024\\\/08\\\/Pakke-Havkajakken1480x800.jpg\",\"contentUrl\":\"https:\\\/\\\/kajakfriluftsliv.dk\\\/wp-content\\\/uploads\\\/2024\\\/08\\\/Pakke-Havkajakken1480x800.jpg\",\"width\":1480,\"height\":800},{\"@type\":\"BreadcrumbList\",\"@id\":\"https:\\\/\\\/kajakfriluftsliv.dk\\\/de\\\/ueber-das-packen-des-seekajaks\\\/#breadcrumb\",\"itemListElement\":[{\"@type\":\"ListItem\",\"position\":1,\"name\":\"Forside\",\"item\":\"https:\\\/\\\/kajakfriluftsliv.dk\\\/de\\\/hauptseite\\\/\"},{\"@type\":\"ListItem\",\"position\":2,\"name\":\"\u00dcber das Packen des Seekajaks\"}]},{\"@type\":\"WebSite\",\"@id\":\"https:\\\/\\\/kajakfrilufsliv.webserver10.dk\\\/#website\",\"url\":\"https:\\\/\\\/kajakfrilufsliv.webserver10.dk\\\/\",\"name\":\"Lifeplan Kajak &amp; Friluftsliv\",\"description\":\"SEO PRO \",\"publisher\":{\"@id\":\"https:\\\/\\\/kajakfrilufsliv.webserver10.dk\\\/#organization\"},\"potentialAction\":[{\"@type\":\"SearchAction\",\"target\":{\"@type\":\"EntryPoint\",\"urlTemplate\":\"https:\\\/\\\/kajakfrilufsliv.webserver10.dk\\\/?s={search_term_string}\"},\"query-input\":{\"@type\":\"PropertyValueSpecification\",\"valueRequired\":true,\"valueName\":\"search_term_string\"}}],\"inLanguage\":\"de\"},{\"@type\":\"Organization\",\"@id\":\"https:\\\/\\\/kajakfrilufsliv.webserver10.dk\\\/#organization\",\"name\":\"Lifeplan Kajak &amp; Friluftsliv\",\"url\":\"https:\\\/\\\/kajakfrilufsliv.webserver10.dk\\\/\",\"logo\":{\"@type\":\"ImageObject\",\"inLanguage\":\"de\",\"@id\":\"https:\\\/\\\/kajakfrilufsliv.webserver10.dk\\\/#\\\/schema\\\/logo\\\/image\\\/\",\"url\":\"https:\\\/\\\/kajakfriluftsliv.dk\\\/wp-content\\\/uploads\\\/2024\\\/08\\\/Lifeplan-Logostor-2.png\",\"contentUrl\":\"https:\\\/\\\/kajakfriluftsliv.dk\\\/wp-content\\\/uploads\\\/2024\\\/08\\\/Lifeplan-Logostor-2.png\",\"width\":2048,\"height\":708,\"caption\":\"Lifeplan Kajak &amp; Friluftsliv\"},\"image\":{\"@id\":\"https:\\\/\\\/kajakfrilufsliv.webserver10.dk\\\/#\\\/schema\\\/logo\\\/image\\\/\"}}]}<\/script>\n<!-- \/ Yoast SEO plugin. -->","yoast_head_json":{"title":"\u00dcber das Packen des Seekajaks | Lifeplan Kajak &amp; Friluftsliv","robots":{"index":"index","follow":"follow","max-snippet":"max-snippet:-1","max-image-preview":"max-image-preview:large","max-video-preview":"max-video-preview:-1"},"canonical":"https:\/\/kajakfriluftsliv.dk\/de\/ueber-das-packen-des-seekajaks\/","og_locale":"de_DE","og_type":"article","og_title":"\u00dcber das Packen des Seekajaks | Lifeplan Kajak &amp; Friluftsliv","og_description":"Machen Sie eine Liste, bevor Sie Ihr Kajak packen Autor: Frederik Laursen, November 2020 Das Seekajak ist ein fantastisches Wasserfahrzeug und die perfekte M\u00f6glichkeit, die Natur und das Abenteuer auf nachhaltige Weise zu erleben. Es erfordert jedoch eine gewisse Vorbereitung und das Packen Ihres Seekajaks f\u00fcr eine Reise kann eine ziemliche Kunst sein! In erster ... Weiterlesen ...","og_url":"https:\/\/kajakfriluftsliv.dk\/de\/ueber-das-packen-des-seekajaks\/","og_site_name":"Lifeplan Kajak &amp; Friluftsliv","article_modified_time":"2024-10-07T05:10:09+00:00","og_image":[{"width":1480,"height":800,"url":"https:\/\/kajakfriluftsliv.dk\/wp-content\/uploads\/2024\/08\/Pakke-Havkajakken1480x800.jpg","type":"image\/jpeg"}],"twitter_card":"summary_large_image","twitter_misc":{"Gesch\u00e4tzte Lesezeit":"4\u00a0Minuten"},"schema":{"@context":"https:\/\/schema.org","@graph":[{"@type":"WebPage","@id":"https:\/\/kajakfriluftsliv.dk\/de\/ueber-das-packen-des-seekajaks\/","url":"https:\/\/kajakfriluftsliv.dk\/de\/ueber-das-packen-des-seekajaks\/","name":"\u00dcber das Packen des Seekajaks | Lifeplan Kajak &amp; Friluftsliv","isPartOf":{"@id":"https:\/\/kajakfrilufsliv.webserver10.dk\/#website"},"primaryImageOfPage":{"@id":"https:\/\/kajakfriluftsliv.dk\/de\/ueber-das-packen-des-seekajaks\/#primaryimage"},"image":{"@id":"https:\/\/kajakfriluftsliv.dk\/de\/ueber-das-packen-des-seekajaks\/#primaryimage"},"thumbnailUrl":"https:\/\/kajakfriluftsliv.dk\/wp-content\/uploads\/2024\/08\/Pakke-Havkajakken1480x800.jpg","datePublished":"2024-08-08T06:58:19+00:00","dateModified":"2024-10-07T05:10:09+00:00","breadcrumb":{"@id":"https:\/\/kajakfriluftsliv.dk\/de\/ueber-das-packen-des-seekajaks\/#breadcrumb"},"inLanguage":"de","potentialAction":[{"@type":"ReadAction","target":["https:\/\/kajakfriluftsliv.dk\/de\/ueber-das-packen-des-seekajaks\/"]}]},{"@type":"ImageObject","inLanguage":"de","@id":"https:\/\/kajakfriluftsliv.dk\/de\/ueber-das-packen-des-seekajaks\/#primaryimage","url":"https:\/\/kajakfriluftsliv.dk\/wp-content\/uploads\/2024\/08\/Pakke-Havkajakken1480x800.jpg","contentUrl":"https:\/\/kajakfriluftsliv.dk\/wp-content\/uploads\/2024\/08\/Pakke-Havkajakken1480x800.jpg","width":1480,"height":800},{"@type":"BreadcrumbList","@id":"https:\/\/kajakfriluftsliv.dk\/de\/ueber-das-packen-des-seekajaks\/#breadcrumb","itemListElement":[{"@type":"ListItem","position":1,"name":"Forside","item":"https:\/\/kajakfriluftsliv.dk\/de\/hauptseite\/"},{"@type":"ListItem","position":2,"name":"\u00dcber das Packen des Seekajaks"}]},{"@type":"WebSite","@id":"https:\/\/kajakfrilufsliv.webserver10.dk\/#website","url":"https:\/\/kajakfrilufsliv.webserver10.dk\/","name":"Lifeplan Kajak &amp; Friluftsliv","description":"SEO PRO ","publisher":{"@id":"https:\/\/kajakfrilufsliv.webserver10.dk\/#organization"},"potentialAction":[{"@type":"SearchAction","target":{"@type":"EntryPoint","urlTemplate":"https:\/\/kajakfrilufsliv.webserver10.dk\/?s={search_term_string}"},"query-input":{"@type":"PropertyValueSpecification","valueRequired":true,"valueName":"search_term_string"}}],"inLanguage":"de"},{"@type":"Organization","@id":"https:\/\/kajakfrilufsliv.webserver10.dk\/#organization","name":"Lifeplan Kajak &amp; Friluftsliv","url":"https:\/\/kajakfrilufsliv.webserver10.dk\/","logo":{"@type":"ImageObject","inLanguage":"de","@id":"https:\/\/kajakfrilufsliv.webserver10.dk\/#\/schema\/logo\/image\/","url":"https:\/\/kajakfriluftsliv.dk\/wp-content\/uploads\/2024\/08\/Lifeplan-Logostor-2.png","contentUrl":"https:\/\/kajakfriluftsliv.dk\/wp-content\/uploads\/2024\/08\/Lifeplan-Logostor-2.png","width":2048,"height":708,"caption":"Lifeplan Kajak &amp; Friluftsliv"},"image":{"@id":"https:\/\/kajakfrilufsliv.webserver10.dk\/#\/schema\/logo\/image\/"}}]}},"_links":{"self":[{"href":"https:\/\/kajakfriluftsliv.dk\/de\/wp-json\/wp\/v2\/pages\/9029","targetHints":{"allow":["GET"]}}],"collection":[{"href":"https:\/\/kajakfriluftsliv.dk\/de\/wp-json\/wp\/v2\/pages"}],"about":[{"href":"https:\/\/kajakfriluftsliv.dk\/de\/wp-json\/wp\/v2\/types\/page"}],"author":[{"embeddable":true,"href":"https:\/\/kajakfriluftsliv.dk\/de\/wp-json\/wp\/v2\/users\/5"}],"replies":[{"embeddable":true,"href":"https:\/\/kajakfriluftsliv.dk\/de\/wp-json\/wp\/v2\/comments?post=9029"}],"version-history":[{"count":1,"href":"https:\/\/kajakfriluftsliv.dk\/de\/wp-json\/wp\/v2\/pages\/9029\/revisions"}],"predecessor-version":[{"id":9033,"href":"https:\/\/kajakfriluftsliv.dk\/de\/wp-json\/wp\/v2\/pages\/9029\/revisions\/9033"}],"wp:featuredmedia":[{"embeddable":true,"href":"https:\/\/kajakfriluftsliv.dk\/de\/wp-json\/wp\/v2\/media\/9010"}],"wp:attachment":[{"href":"https:\/\/kajakfriluftsliv.dk\/de\/wp-json\/wp\/v2\/media?parent=9029"}],"wp:term":[{"taxonomy":"category","embeddable":true,"href":"https:\/\/kajakfriluftsliv.dk\/de\/wp-json\/wp\/v2\/categories?post=9029"}],"curies":[{"name":"wp","href":"https:\/\/api.w.org\/{rel}","templated":true}]}}