{"id":9021,"date":"2024-10-04T08:42:20","date_gmt":"2024-10-04T06:42:20","guid":{"rendered":"https:\/\/kajakfriluftsliv.dk\/arrangements\/"},"modified":"2024-10-07T07:09:50","modified_gmt":"2024-10-07T05:09:50","slug":"arrangements","status":"publish","type":"page","link":"https:\/\/kajakfriluftsliv.dk\/de\/arrangements\/","title":{"rendered":"Arrangements"},"content":{"rendered":"\t\t<div data-elementor-type=\"wp-page\" data-elementor-id=\"9021\" class=\"elementor elementor-9021 elementor-8864\" data-elementor-post-type=\"page\">\n\t\t\t\t<div class=\"elementor-element elementor-element-fd61689 e-con-full no-padding e-flex e-con e-parent\" data-id=\"fd61689\" data-element_type=\"container\">\n\t\t\t\t<div class=\"elementor-element elementor-element-7c466a0 elementor-widget elementor-widget-shortcode\" data-id=\"7c466a0\" data-element_type=\"widget\" data-widget_type=\"shortcode.default\">\n\t\t\t\t<div class=\"elementor-widget-container\">\n\t\t\t\t\t<div class=\"elementor-shortcode\">\t\t<div data-elementor-type=\"container\" data-elementor-id=\"6542\" class=\"elementor elementor-6542\" data-elementor-post-type=\"elementor_library\">\n\t\t\t\t<div class=\"elementor-element elementor-element-2bc4b5ab white e-flex e-con-boxed e-con e-parent\" data-id=\"2bc4b5ab\" data-element_type=\"container\" data-settings=\"{&quot;background_background&quot;:&quot;classic&quot;}\">\n\t\t\t\t\t<div class=\"e-con-inner\">\n\t\t\t\t<div class=\"elementor-element elementor-element-1d645c29 elementor-icon-list--layout-inline elementor-align-center elementor-list-item-link-full_width elementor-widget elementor-widget-icon-list\" data-id=\"1d645c29\" data-element_type=\"widget\" data-widget_type=\"icon-list.default\">\n\t\t\t\t<div class=\"elementor-widget-container\">\n\t\t\t\t\t<ul class=\"elementor-icon-list-items elementor-inline-items\">\n\t\t\t\t\t\t\t<li class=\"elementor-icon-list-item elementor-inline-item\">\n\t\t\t\t\t\t\t\t\t\t\t<a href=\"tel:60723900\">\n\n\t\t\t\t\t\t\t\t\t\t\t<span class=\"elementor-icon-list-text\">(+45) 60 72 39 00<\/span>\n\t\t\t\t\t\t\t\t\t\t\t<\/a>\n\t\t\t\t\t\t\t\t\t<\/li>\n\t\t\t\t\t\t\t\t<li class=\"elementor-icon-list-item elementor-inline-item\">\n\t\t\t\t\t\t\t\t\t\t\t<a href=\"mailto:info@kajakfriluftsliv.dk\">\n\n\t\t\t\t\t\t\t\t\t\t\t<span class=\"elementor-icon-list-text\">info@kajakfriluftsliv.dk<\/span>\n\t\t\t\t\t\t\t\t\t\t\t<\/a>\n\t\t\t\t\t\t\t\t\t<\/li>\n\t\t\t\t\t\t<\/ul>\n\t\t\t\t<\/div>\n\t\t\t\t<\/div>\n\t\t\t\t\t<\/div>\n\t\t\t\t<\/div>\n\t\t\t\t<\/div>\n\t\t<\/div>\n\t\t\t\t<\/div>\n\t\t\t\t<\/div>\n\t\t\t\t<\/div>\n\t\t<div class=\"elementor-element elementor-element-30023ad e-flex e-con-boxed e-con e-parent\" data-id=\"30023ad\" data-element_type=\"container\">\n\t\t\t\t\t<div class=\"e-con-inner\">\n\t\t<div class=\"elementor-element elementor-element-540a268 e-con-full e-flex e-con e-child\" data-id=\"540a268\" data-element_type=\"container\">\n\t\t\t\t<div class=\"elementor-element elementor-element-4e73905 elementor-widget elementor-widget-text-editor\" data-id=\"4e73905\" data-element_type=\"widget\" data-widget_type=\"text-editor.default\">\n\t\t\t\t<div class=\"elementor-widget-container\">\n\t\t\t\t\t\t\t<h2><span data-olk-copy-source=\"MessageBody\">Junggesellinnenabschiede, Firmenveranstaltungen und Teambuilding in Odense &amp; Svendborg<\/span><\/h2>\n<h3><span data-olk-copy-source=\"MessageBody\">Verst\u00e4rken Sie Ihre Zusammenarbeit mit Lifeplan Kajak &amp; Friluftsliv <\/span><span data-olk-copy-source=\"MessageBody\">f\u00fcr Teambuilding, Junggesellenabschiede und Firmenveranstaltungen<\/span><\/h3>\n<p data-olk-copy-source=\"MessageBody\">Bei <a href=\"https:\/\/kajakfriluftsliv.dk\/om-os\/\">Lifeplan Kajak &amp; Friluftsliv<\/a> bieten wir einzigartige Teambuilding-Erlebnisse und Veranstaltungen, die st\u00e4rkere Bindungen und unvergessliche Erinnerungen schaffen.\nGanz gleich, ob Sie eine Firmenveranstaltung in Odense, einen Junggesellenabschied in Svendborg oder einen abenteuerlichen Tag f\u00fcr private Gruppen planen, wir bieten Ihnen ma\u00dfgeschneiderte Aktivit\u00e4ten, die perfekt auf Ihre Bed\u00fcrfnisse abgestimmt sind. <\/p>\n<p>Unsere Veranstaltungen reichen von Kajak- und SUP-Touren im wundersch\u00f6nen S\u00fcdf\u00fcnischen Archipel bis hin zu gef\u00fchrten Wanderungen, bei denen Sie die reiche Geologie, Flora und Fauna der Gegend kennen lernen.\nWenn Sie ein etwas anderes gastronomisches Erlebnis suchen, k\u00f6nnen Sie auch Wilderness Food ausprobieren, bei dem wir Zutaten aus der Natur sammeln und sie gemeinsam \u00fcber einem Lagerfeuer zubereiten.\nDabei geht es um mehr als nur um Essen &#8211; es geht darum, gemeinsam zu arbeiten, neue F\u00e4higkeiten zu erlernen und auf eine lustige und entspannte Art und Weise zusammenzukommen.  <\/p>\n<p>Unsere Aktivit\u00e4ten konzentrieren sich auf&nbsp;<a href=\"https:\/\/kajakfriluftsliv.dk\/de\/kajak-kurs\/\" target=\"_blank\" rel=\"noopener\">Kajakkurs in Svendborg<\/a>, aber wir sind flexibel und k\u00f6nnen Veranstaltungen auf ganz F\u00fcnen, Langeland und den Inseln organisieren, einschlie\u00dflich Firmenveranstaltungen und Teambuilding in Odense und anderen sch\u00f6nen St\u00e4dten oder Naturgebieten.\nMit dem Fokus auf die Natur und die lokale Umgebung bieten wir Rad- und Wandertouren an, die einen Einblick in die maritime Kultur und den Geopark Det Sydfynske \u00d8hav geben und Ihrer Veranstaltung eine tiefere Dimension verleihen. <\/p>\n<p>M\u00f6chten Sie Ihr Team aufr\u00fctteln oder einen unvergesslichen Tag f\u00fcr Ihre Liebsten gestalten?&nbsp;&nbsp;K<a href=\"https:\/\/kajakfriluftsliv.dk\/kontakt\/\" target=\"_blank\" rel=\"noopener\">ontaktieren Sie uns<\/a> bei Lifeplan Kajak &amp; Friluftsliv f\u00fcr ein individuelles Angebot, das Ihren Bed\u00fcrfnissen entspricht.\nSie k\u00f6nnen auch gleich einen Termin f\u00fcr Ihre n\u00e4chste Veranstaltung buchen &nbsp;<a href=\"https:\/\/kajakogfriluftsliv.dk\/vare-kategori\/undervisning\/\" target=\"_blank\" rel=\"noopener\">Hier<\/a>.<\/p>\n<h3>M\u00f6chten Sie mehr h\u00f6ren?<\/h3>\n<p>Sie planen ein Firmenevent in Odense?\nJunggesellinnenabschied in Svendborg?\nTeambuilding in der N\u00e4he von Odense?\nOder etwas ganz anderes?\nDann k\u00f6nnen Sie mit uns einen unvergesslichen Tag erleben.\nRufen Sie uns an unter <a href=\"http:\/\/tel:+4560723900\/\" target=\"_blank\" rel=\"noopener\">(+45) 60 72 39 00<\/a> oder schicken Sie uns eine E-Mail an <a href=\"mailto:info@kajakfriluftsliv.dk\" target=\"_blank\" rel=\"noopener\">info@kajakfriluftsliv.dk.<\/a>\nWir freuen uns darauf, von Ihnen zu h\u00f6ren.      <\/p>\n<p>Denken Sie daran, dass das Abenteuer genau dort drau\u00dfen liegt!<\/p>\t\t\t\t\t\t<\/div>\n\t\t\t\t<\/div>\n\t\t\t\t<\/div>\n\t\t<div class=\"elementor-element elementor-element-1776861 e-con-full e-flex e-con e-child\" data-id=\"1776861\" data-element_type=\"container\">\n\t\t\t\t<div class=\"elementor-element elementor-element-93b3db9 dark elementor-widget elementor-widget-sidebar\" data-id=\"93b3db9\" data-element_type=\"widget\" data-widget_type=\"sidebar.default\">\n\t\t\t\t<div class=\"elementor-widget-container\">\n\t\t\t<aside id=\"text-13\" class=\"widget-odd widget-5 widget inner-padding widget_text\"><h2 class=\"widget-title\">M\u00f6chten Sie mehr h\u00f6ren?<\/h2>\t\t\t<div class=\"textwidget\"><p>F\u00fcllen Sie das Formular aus und wir werden uns so schnell wie m\u00f6glich bei Ihnen melden.<\/p>\n<\/div>\n\t\t<\/aside><aside id=\"forminator_widget-4\" class=\"widget-even widget-last widget-6 widget inner-padding widget_forminator_widget\"><form id=\"forminator-module-9095\" class=\"forminator-custom-form forminator-custom-form-9095\" method=\"post\" data-forminator-render=\"0\" data-uid=\"69f3f2ee4ed6c\"><div role=\"alert\" aria-live=\"polite\" class=\"forminator-response-message forminator-error\" aria-hidden=\"true\"><\/div><\/form><\/aside>\t\t<\/div>\n\t\t\t\t<\/div>\n\t\t\t\t<\/div>\n\t\t\t\t\t<\/div>\n\t\t\t\t<\/div>\n\t\t\t\t<\/div>\n\t\t","protected":false},"excerpt":{"rendered":"<p>Junggesellinnenabschiede, Firmenveranstaltungen und Teambuilding in Odense &amp; Svendborg Verst\u00e4rken Sie Ihre Zusammenarbeit mit Lifeplan Kajak &amp; Friluftsliv f\u00fcr Teambuilding, Junggesellenabschiede und Firmenveranstaltungen Bei Lifeplan Kajak &amp; Friluftsliv bieten wir einzigartige Teambuilding-Erlebnisse und Veranstaltungen, die st\u00e4rkere Bindungen und unvergessliche Erinnerungen schaffen. Ganz gleich, ob Sie eine Firmenveranstaltung in Odense, einen Junggesellenabschied in Svendborg oder einen abenteuerlichen &#8230; <a title=\"Arrangements\" class=\"read-more\" href=\"https:\/\/kajakfriluftsliv.dk\/de\/arrangements\/\" aria-label=\"Mehr Informationen \u00fcber Arrangements\">Weiterlesen &#8230;<\/a><\/p>\n","protected":false},"author":5,"featured_media":0,"parent":0,"menu_order":0,"comment_status":"closed","ping_status":"closed","template":"","meta":{"_acf_changed":false,"footnotes":""},"categories":[],"class_list":["post-9021","page","type-page","status-publish"],"acf":[],"yoast_head":"<!-- This site is optimized with the Yoast SEO plugin v27.5 - https:\/\/yoast.com\/product\/yoast-seo-wordpress\/ -->\n<title>Veranstalten Sie ein Event in Odense &amp; Umgebung | Lifeplan Kajak &amp; Friluftsliv<\/title>\n<meta name=\"description\" content=\"Organisieren Sie einen Junggesellenabschied, ein Firmenevent oder ein Teambuilding in Odense oder Svendborg? Lesen Sie mehr und kontaktieren Sie Lifeplan Kajak &amp; Friluftsliv hier\" \/>\n<meta name=\"robots\" content=\"index, follow, max-snippet:-1, max-image-preview:large, max-video-preview:-1\" \/>\n<link rel=\"canonical\" href=\"https:\/\/kajakfriluftsliv.dk\/de\/arrangements\/\" \/>\n<meta property=\"og:locale\" content=\"de_DE\" \/>\n<meta property=\"og:type\" content=\"article\" \/>\n<meta property=\"og:title\" content=\"Veranstalten Sie ein Event in Odense &amp; Umgebung | Lifeplan Kajak &amp; Friluftsliv\" \/>\n<meta property=\"og:description\" content=\"Organisieren Sie einen Junggesellenabschied, ein Firmenevent oder ein Teambuilding in Odense oder Svendborg? Lesen Sie mehr und kontaktieren Sie Lifeplan Kajak &amp; Friluftsliv hier\" \/>\n<meta property=\"og:url\" content=\"https:\/\/kajakfriluftsliv.dk\/de\/arrangements\/\" \/>\n<meta property=\"og:site_name\" content=\"Lifeplan Kajak &amp; Friluftsliv\" \/>\n<meta property=\"article:modified_time\" content=\"2024-10-07T05:09:50+00:00\" \/>\n<meta name=\"twitter:card\" content=\"summary_large_image\" \/>\n<meta name=\"twitter:label1\" content=\"Gesch\u00e4tzte Lesezeit\" \/>\n\t<meta name=\"twitter:data1\" content=\"2\u00a0Minuten\" \/>\n<script type=\"application\/ld+json\" class=\"yoast-schema-graph\">{\"@context\":\"https:\\\/\\\/schema.org\",\"@graph\":[{\"@type\":\"WebPage\",\"@id\":\"https:\\\/\\\/kajakfriluftsliv.dk\\\/de\\\/arrangements\\\/\",\"url\":\"https:\\\/\\\/kajakfriluftsliv.dk\\\/de\\\/arrangements\\\/\",\"name\":\"Veranstalten Sie ein Event in Odense & Umgebung | Lifeplan Kajak &amp; Friluftsliv\",\"isPartOf\":{\"@id\":\"https:\\\/\\\/kajakfrilufsliv.webserver10.dk\\\/#website\"},\"datePublished\":\"2024-10-04T06:42:20+00:00\",\"dateModified\":\"2024-10-07T05:09:50+00:00\",\"description\":\"Organisieren Sie einen Junggesellenabschied, ein Firmenevent oder ein Teambuilding in Odense oder Svendborg? Lesen Sie mehr und kontaktieren Sie Lifeplan Kajak &amp; Friluftsliv hier\",\"breadcrumb\":{\"@id\":\"https:\\\/\\\/kajakfriluftsliv.dk\\\/de\\\/arrangements\\\/#breadcrumb\"},\"inLanguage\":\"de\",\"potentialAction\":[{\"@type\":\"ReadAction\",\"target\":[\"https:\\\/\\\/kajakfriluftsliv.dk\\\/de\\\/arrangements\\\/\"]}]},{\"@type\":\"BreadcrumbList\",\"@id\":\"https:\\\/\\\/kajakfriluftsliv.dk\\\/de\\\/arrangements\\\/#breadcrumb\",\"itemListElement\":[{\"@type\":\"ListItem\",\"position\":1,\"name\":\"Forside\",\"item\":\"https:\\\/\\\/kajakfriluftsliv.dk\\\/de\\\/hauptseite\\\/\"},{\"@type\":\"ListItem\",\"position\":2,\"name\":\"Arrangements\"}]},{\"@type\":\"WebSite\",\"@id\":\"https:\\\/\\\/kajakfrilufsliv.webserver10.dk\\\/#website\",\"url\":\"https:\\\/\\\/kajakfrilufsliv.webserver10.dk\\\/\",\"name\":\"Lifeplan Kajak &amp; Friluftsliv\",\"description\":\"SEO PRO \",\"publisher\":{\"@id\":\"https:\\\/\\\/kajakfrilufsliv.webserver10.dk\\\/#organization\"},\"potentialAction\":[{\"@type\":\"SearchAction\",\"target\":{\"@type\":\"EntryPoint\",\"urlTemplate\":\"https:\\\/\\\/kajakfrilufsliv.webserver10.dk\\\/?s={search_term_string}\"},\"query-input\":{\"@type\":\"PropertyValueSpecification\",\"valueRequired\":true,\"valueName\":\"search_term_string\"}}],\"inLanguage\":\"de\"},{\"@type\":\"Organization\",\"@id\":\"https:\\\/\\\/kajakfrilufsliv.webserver10.dk\\\/#organization\",\"name\":\"Lifeplan Kajak &amp; Friluftsliv\",\"url\":\"https:\\\/\\\/kajakfrilufsliv.webserver10.dk\\\/\",\"logo\":{\"@type\":\"ImageObject\",\"inLanguage\":\"de\",\"@id\":\"https:\\\/\\\/kajakfrilufsliv.webserver10.dk\\\/#\\\/schema\\\/logo\\\/image\\\/\",\"url\":\"https:\\\/\\\/kajakfriluftsliv.dk\\\/wp-content\\\/uploads\\\/2024\\\/08\\\/Lifeplan-Logostor-2.png\",\"contentUrl\":\"https:\\\/\\\/kajakfriluftsliv.dk\\\/wp-content\\\/uploads\\\/2024\\\/08\\\/Lifeplan-Logostor-2.png\",\"width\":2048,\"height\":708,\"caption\":\"Lifeplan Kajak &amp; Friluftsliv\"},\"image\":{\"@id\":\"https:\\\/\\\/kajakfrilufsliv.webserver10.dk\\\/#\\\/schema\\\/logo\\\/image\\\/\"}}]}<\/script>\n<!-- \/ Yoast SEO plugin. -->","yoast_head_json":{"title":"Veranstalten Sie ein Event in Odense & Umgebung | Lifeplan Kajak &amp; Friluftsliv","description":"Organisieren Sie einen Junggesellenabschied, ein Firmenevent oder ein Teambuilding in Odense oder Svendborg? Lesen Sie mehr und kontaktieren Sie Lifeplan Kajak &amp; Friluftsliv hier","robots":{"index":"index","follow":"follow","max-snippet":"max-snippet:-1","max-image-preview":"max-image-preview:large","max-video-preview":"max-video-preview:-1"},"canonical":"https:\/\/kajakfriluftsliv.dk\/de\/arrangements\/","og_locale":"de_DE","og_type":"article","og_title":"Veranstalten Sie ein Event in Odense & Umgebung | Lifeplan Kajak &amp; Friluftsliv","og_description":"Organisieren Sie einen Junggesellenabschied, ein Firmenevent oder ein Teambuilding in Odense oder Svendborg? Lesen Sie mehr und kontaktieren Sie Lifeplan Kajak &amp; Friluftsliv hier","og_url":"https:\/\/kajakfriluftsliv.dk\/de\/arrangements\/","og_site_name":"Lifeplan Kajak &amp; Friluftsliv","article_modified_time":"2024-10-07T05:09:50+00:00","twitter_card":"summary_large_image","twitter_misc":{"Gesch\u00e4tzte Lesezeit":"2\u00a0Minuten"},"schema":{"@context":"https:\/\/schema.org","@graph":[{"@type":"WebPage","@id":"https:\/\/kajakfriluftsliv.dk\/de\/arrangements\/","url":"https:\/\/kajakfriluftsliv.dk\/de\/arrangements\/","name":"Veranstalten Sie ein Event in Odense & Umgebung | Lifeplan Kajak &amp; Friluftsliv","isPartOf":{"@id":"https:\/\/kajakfrilufsliv.webserver10.dk\/#website"},"datePublished":"2024-10-04T06:42:20+00:00","dateModified":"2024-10-07T05:09:50+00:00","description":"Organisieren Sie einen Junggesellenabschied, ein Firmenevent oder ein Teambuilding in Odense oder Svendborg? Lesen Sie mehr und kontaktieren Sie Lifeplan Kajak &amp; Friluftsliv hier","breadcrumb":{"@id":"https:\/\/kajakfriluftsliv.dk\/de\/arrangements\/#breadcrumb"},"inLanguage":"de","potentialAction":[{"@type":"ReadAction","target":["https:\/\/kajakfriluftsliv.dk\/de\/arrangements\/"]}]},{"@type":"BreadcrumbList","@id":"https:\/\/kajakfriluftsliv.dk\/de\/arrangements\/#breadcrumb","itemListElement":[{"@type":"ListItem","position":1,"name":"Forside","item":"https:\/\/kajakfriluftsliv.dk\/de\/hauptseite\/"},{"@type":"ListItem","position":2,"name":"Arrangements"}]},{"@type":"WebSite","@id":"https:\/\/kajakfrilufsliv.webserver10.dk\/#website","url":"https:\/\/kajakfrilufsliv.webserver10.dk\/","name":"Lifeplan Kajak &amp; Friluftsliv","description":"SEO PRO ","publisher":{"@id":"https:\/\/kajakfrilufsliv.webserver10.dk\/#organization"},"potentialAction":[{"@type":"SearchAction","target":{"@type":"EntryPoint","urlTemplate":"https:\/\/kajakfrilufsliv.webserver10.dk\/?s={search_term_string}"},"query-input":{"@type":"PropertyValueSpecification","valueRequired":true,"valueName":"search_term_string"}}],"inLanguage":"de"},{"@type":"Organization","@id":"https:\/\/kajakfrilufsliv.webserver10.dk\/#organization","name":"Lifeplan Kajak &amp; Friluftsliv","url":"https:\/\/kajakfrilufsliv.webserver10.dk\/","logo":{"@type":"ImageObject","inLanguage":"de","@id":"https:\/\/kajakfrilufsliv.webserver10.dk\/#\/schema\/logo\/image\/","url":"https:\/\/kajakfriluftsliv.dk\/wp-content\/uploads\/2024\/08\/Lifeplan-Logostor-2.png","contentUrl":"https:\/\/kajakfriluftsliv.dk\/wp-content\/uploads\/2024\/08\/Lifeplan-Logostor-2.png","width":2048,"height":708,"caption":"Lifeplan Kajak &amp; Friluftsliv"},"image":{"@id":"https:\/\/kajakfrilufsliv.webserver10.dk\/#\/schema\/logo\/image\/"}}]}},"_links":{"self":[{"href":"https:\/\/kajakfriluftsliv.dk\/de\/wp-json\/wp\/v2\/pages\/9021","targetHints":{"allow":["GET"]}}],"collection":[{"href":"https:\/\/kajakfriluftsliv.dk\/de\/wp-json\/wp\/v2\/pages"}],"about":[{"href":"https:\/\/kajakfriluftsliv.dk\/de\/wp-json\/wp\/v2\/types\/page"}],"author":[{"embeddable":true,"href":"https:\/\/kajakfriluftsliv.dk\/de\/wp-json\/wp\/v2\/users\/5"}],"replies":[{"embeddable":true,"href":"https:\/\/kajakfriluftsliv.dk\/de\/wp-json\/wp\/v2\/comments?post=9021"}],"version-history":[{"count":1,"href":"https:\/\/kajakfriluftsliv.dk\/de\/wp-json\/wp\/v2\/pages\/9021\/revisions"}],"predecessor-version":[{"id":9025,"href":"https:\/\/kajakfriluftsliv.dk\/de\/wp-json\/wp\/v2\/pages\/9021\/revisions\/9025"}],"wp:attachment":[{"href":"https:\/\/kajakfriluftsliv.dk\/de\/wp-json\/wp\/v2\/media?parent=9021"}],"wp:term":[{"taxonomy":"category","embeddable":true,"href":"https:\/\/kajakfriluftsliv.dk\/de\/wp-json\/wp\/v2\/categories?post=9021"}],"curies":[{"name":"wp","href":"https:\/\/api.w.org\/{rel}","templated":true}]}}