{"id":9019,"date":"2024-10-04T09:02:24","date_gmt":"2024-10-04T07:02:24","guid":{"rendered":"https:\/\/kajakfriluftsliv.dk\/kajak-kurs\/"},"modified":"2024-10-07T07:09:50","modified_gmt":"2024-10-07T05:09:50","slug":"kajak-kurs","status":"publish","type":"page","link":"https:\/\/kajakfriluftsliv.dk\/de\/kajak-kurs\/","title":{"rendered":"Kajak-Kurs"},"content":{"rendered":"\t\t<div data-elementor-type=\"wp-page\" data-elementor-id=\"9019\" class=\"elementor elementor-9019 elementor-8868\" data-elementor-post-type=\"page\">\n\t\t\t\t<div class=\"elementor-element elementor-element-2df1a682 e-con-full no-padding e-flex e-con e-parent\" data-id=\"2df1a682\" data-element_type=\"container\">\n\t\t\t\t<div class=\"elementor-element elementor-element-22ae87c3 elementor-widget elementor-widget-shortcode\" data-id=\"22ae87c3\" data-element_type=\"widget\" data-widget_type=\"shortcode.default\">\n\t\t\t\t<div class=\"elementor-widget-container\">\n\t\t\t\t\t<div class=\"elementor-shortcode\">\t\t<div data-elementor-type=\"container\" data-elementor-id=\"6542\" class=\"elementor elementor-6542\" data-elementor-post-type=\"elementor_library\">\n\t\t\t\t<div class=\"elementor-element elementor-element-2bc4b5ab white e-flex e-con-boxed e-con e-parent\" data-id=\"2bc4b5ab\" data-element_type=\"container\" data-settings=\"{&quot;background_background&quot;:&quot;classic&quot;}\">\n\t\t\t\t\t<div class=\"e-con-inner\">\n\t\t\t\t<div class=\"elementor-element elementor-element-1d645c29 elementor-icon-list--layout-inline elementor-align-center elementor-list-item-link-full_width elementor-widget elementor-widget-icon-list\" data-id=\"1d645c29\" data-element_type=\"widget\" data-widget_type=\"icon-list.default\">\n\t\t\t\t<div class=\"elementor-widget-container\">\n\t\t\t\t\t<ul class=\"elementor-icon-list-items elementor-inline-items\">\n\t\t\t\t\t\t\t<li class=\"elementor-icon-list-item elementor-inline-item\">\n\t\t\t\t\t\t\t\t\t\t\t<a href=\"tel:60723900\">\n\n\t\t\t\t\t\t\t\t\t\t\t<span class=\"elementor-icon-list-text\">(+45) 60 72 39 00<\/span>\n\t\t\t\t\t\t\t\t\t\t\t<\/a>\n\t\t\t\t\t\t\t\t\t<\/li>\n\t\t\t\t\t\t\t\t<li class=\"elementor-icon-list-item elementor-inline-item\">\n\t\t\t\t\t\t\t\t\t\t\t<a href=\"mailto:info@kajakfriluftsliv.dk\">\n\n\t\t\t\t\t\t\t\t\t\t\t<span class=\"elementor-icon-list-text\">info@kajakfriluftsliv.dk<\/span>\n\t\t\t\t\t\t\t\t\t\t\t<\/a>\n\t\t\t\t\t\t\t\t\t<\/li>\n\t\t\t\t\t\t<\/ul>\n\t\t\t\t<\/div>\n\t\t\t\t<\/div>\n\t\t\t\t\t<\/div>\n\t\t\t\t<\/div>\n\t\t\t\t<\/div>\n\t\t<\/div>\n\t\t\t\t<\/div>\n\t\t\t\t<\/div>\n\t\t\t\t<\/div>\n\t\t<div class=\"elementor-element elementor-element-2732fdd7 e-flex e-con-boxed e-con e-parent\" data-id=\"2732fdd7\" data-element_type=\"container\">\n\t\t\t\t\t<div class=\"e-con-inner\">\n\t\t<div class=\"elementor-element elementor-element-41190126 e-con-full e-flex e-con e-child\" data-id=\"41190126\" data-element_type=\"container\">\n\t\t\t\t<div class=\"elementor-element elementor-element-d929d0a elementor-widget elementor-widget-text-editor\" data-id=\"d929d0a\" data-element_type=\"widget\" data-widget_type=\"text-editor.default\">\n\t\t\t\t<div class=\"elementor-widget-container\">\n\t\t\t\t\t\t\t<h2><span data-olk-copy-source=\"MessageBody\">Lernen Sie das Kajakfahren von Grund auf mit einem Kajakkurs in Svendborg, in der N\u00e4he von Odense<\/span><\/h2>\n<h3><span data-olk-copy-source=\"MessageBody\">Kajakkurse f\u00fcr Anf\u00e4nger und Fortgeschrittene mit Lifeplan Kayak &amp; Outdoor Life<\/span><\/h3>\n<p data-olk-copy-source=\"MessageBody\">Sind Sie an einem Kajakkurs in der N\u00e4he von Odense interessiert?<br \/>\nBei <a href=\"https:\/\/kajakfriluftsliv.dk\/om-os\/\">Lifeplan Kayak &amp; Outdoor Life<\/a> bieten wir Kajakkurse f\u00fcr Anf\u00e4nger und Fortgeschrittene an, in denen Sie Ihre F\u00e4higkeiten entwickeln und auf dem Wasser sicherer werden k\u00f6nnen.<br \/>\nUnsere Kurse decken alles ab, von den grundlegenden Selbstversorgungs- und Rettungstechniken bis hin zu fortgeschrittenen \u00dcbungen wie der Gr\u00f6nlandrolle, dem Notfallmanagement und der Reiseleiterausbildung.<br \/>\nWir folgen dem IPP-Standard des D\u00e4nischen Kanu- und Kajakverbands (DKF), so dass Ihnen eine qualitativ hochwertige Ausbildung garantiert ist.   <\/p>\n<p>Unser <a href=\"https:\/\/kajakogfriluftsliv.dk\/vare\/ipp2-havkajak-med-instruktoer-frederik-laursen\/\">IPP2-Kajakkurs<\/a> in Svendborg richtet sich an alle Niveaus.<br \/>\nWenn Sie Anf\u00e4nger sind, helfen wir Ihnen, die Grundlagen zu beherrschen, damit Sie sich sicher auf dem Wasser bewegen k\u00f6nnen.<br \/>\nWenn Sie schon etwas erfahrener sind, k\u00f6nnen wir Ihre Techniken verfeinern und Sie in fortgeschrittenere Man\u00f6ver wie Gr\u00f6nlandrollen und Rettungs\u00fcbungen einf\u00fchren.  <\/p>\n<p>Zus\u00e4tzlich zu unseren Kursen bieten wir auch gef\u00fchrte Touren sowohl im Seekajak als auch im SUP an.<br \/>\nSie k\u00f6nnen an unseren beliebten <a href=\"https:\/\/kajakogfriluftsliv.dk\/vare\/guidet-mandagstur-i-havkajak-svendborgsund-det-sydfynske-oehav\/\">gef\u00fchrten Montagstouren auf dem Svendborgsund<\/a> teilnehmen, die in den Sommermonaten von 17:00-20:00 Uhr stattfinden, oder eine individuell organisierte Tour f\u00fcr Gruppen von mindestens 6 Personen buchen.<br \/>\nWir nehmen Sie mit auf wundersch\u00f6ne Touren rund um den Svendborgsund und den S\u00fcdf\u00fcnischen Sch\u00e4rengarten oder organisieren Ausfl\u00fcge in andere landschaftlich reizvolle Gegenden F\u00fcnens, wie Odense und Umgebung.  <\/p>\n<h3>M\u00f6chten Sie mehr h\u00f6ren?<\/h3>\n<p>Ob Sie Ihre Kajakkenntnisse mit einem Kajakkurs in Svendborg verbessern oder eine gef\u00fchrte Tour erleben m\u00f6chten, wir sind bereit, Ihnen zu helfen.<br \/>\nRufen Sie uns an <a href=\"http:\/\/tel:+4560723900\" target=\"_blank\" rel=\"noopener\"> unter (+45) 60 72 39 00<\/a> oder schicken Sie uns eine E-Mail an <a href=\"mailto:info@kajakfriluftsliv.dk\" target=\"_blank\" rel=\"noopener\">info@kajakfriluftsliv.dk.<\/a> <\/p>\n<p>Bei Lifeplan Kayak &amp; Outdoor Life erhalten Sie nicht nur Unterricht, sondern eine ganzheitliche Erfahrung in der Natur.<\/p>\n<p>Denken Sie daran, dass das Abenteuer genau dort drau\u00dfen liegt!<\/p>\n<p>Buchen Sie Ihren Kajakkurs in der N\u00e4he von Odense gleich <a href=\"https:\/\/kajakogfriluftsliv.dk\/vare-kategori\/undervisning\/\">hier<\/a>.<\/p>\n\t\t\t\t\t\t<\/div>\n\t\t\t\t<\/div>\n\t\t\t\t<\/div>\n\t\t<div class=\"elementor-element elementor-element-5e62152e e-con-full e-flex e-con e-child\" data-id=\"5e62152e\" data-element_type=\"container\">\n\t\t\t\t<div class=\"elementor-element elementor-element-3294fb8e dark elementor-widget elementor-widget-sidebar\" data-id=\"3294fb8e\" data-element_type=\"widget\" data-widget_type=\"sidebar.default\">\n\t\t\t\t<div class=\"elementor-widget-container\">\n\t\t\t<aside id=\"text-13\" class=\"widget-odd widget-5 widget inner-padding widget_text\"><h2 class=\"widget-title\">M\u00f6chten Sie mehr h\u00f6ren?<\/h2>\t\t\t<div class=\"textwidget\"><p>F\u00fcllen Sie das Formular aus und wir werden uns so schnell wie m\u00f6glich bei Ihnen melden.<\/p>\n<\/div>\n\t\t<\/aside><aside id=\"forminator_widget-4\" class=\"widget-even widget-last widget-6 widget inner-padding widget_forminator_widget\"><form id=\"forminator-module-9095\" class=\"forminator-custom-form forminator-custom-form-9095\" method=\"post\" data-forminator-render=\"0\" data-uid=\"69f44c1689f0f\"><div role=\"alert\" aria-live=\"polite\" class=\"forminator-response-message forminator-error\" aria-hidden=\"true\"><\/div><\/form><\/aside>\t\t<\/div>\n\t\t\t\t<\/div>\n\t\t\t\t<\/div>\n\t\t\t\t\t<\/div>\n\t\t\t\t<\/div>\n\t\t\t\t<\/div>\n\t\t","protected":false},"excerpt":{"rendered":"<p>Lernen Sie das Kajakfahren von Grund auf mit einem Kajakkurs in Svendborg, in der N\u00e4he von Odense Kajakkurse f\u00fcr Anf\u00e4nger und Fortgeschrittene mit Lifeplan Kayak &amp; Outdoor Life Sind Sie an einem Kajakkurs in der N\u00e4he von Odense interessiert? Bei Lifeplan Kayak &amp; Outdoor Life bieten wir Kajakkurse f\u00fcr Anf\u00e4nger und Fortgeschrittene an, in denen &#8230; <a title=\"Kajak-Kurs\" class=\"read-more\" href=\"https:\/\/kajakfriluftsliv.dk\/de\/kajak-kurs\/\" aria-label=\"Mehr Informationen \u00fcber Kajak-Kurs\">Weiterlesen &#8230;<\/a><\/p>\n","protected":false},"author":7,"featured_media":0,"parent":0,"menu_order":0,"comment_status":"closed","ping_status":"closed","template":"","meta":{"_acf_changed":false,"footnotes":""},"categories":[],"class_list":["post-9019","page","type-page","status-publish"],"acf":[],"yoast_head":"<!-- This site is optimized with the Yoast SEO plugin v27.5 - https:\/\/yoast.com\/product\/yoast-seo-wordpress\/ -->\n<title>Kajak-Kurs in Svendborg, in der N\u00e4he von Odense | Lifeplan Kajak &amp; Friluftsliv<\/title>\n<meta name=\"description\" content=\"Bei Lifeplan Kajak &amp; Friluftsliv bieten wir einen professionellen und lehrreichen Kajakkurs in Svendborg, in der N\u00e4he von Odense, an. Lesen Sie mehr und buchen Sie Ihre Zeit gleich hier\" \/>\n<meta name=\"robots\" content=\"index, follow, max-snippet:-1, max-image-preview:large, max-video-preview:-1\" \/>\n<link rel=\"canonical\" href=\"https:\/\/kajakfriluftsliv.dk\/de\/kajak-kurs\/\" \/>\n<meta property=\"og:locale\" content=\"de_DE\" \/>\n<meta property=\"og:type\" content=\"article\" \/>\n<meta property=\"og:title\" content=\"Kajak-Kurs in Svendborg, in der N\u00e4he von Odense | Lifeplan Kajak &amp; Friluftsliv\" \/>\n<meta property=\"og:description\" content=\"Bei Lifeplan Kajak &amp; Friluftsliv bieten wir einen professionellen und lehrreichen Kajakkurs in Svendborg, in der N\u00e4he von Odense, an. Lesen Sie mehr und buchen Sie Ihre Zeit gleich hier\" \/>\n<meta property=\"og:url\" content=\"https:\/\/kajakfriluftsliv.dk\/de\/kajak-kurs\/\" \/>\n<meta property=\"og:site_name\" content=\"Lifeplan Kajak &amp; Friluftsliv\" \/>\n<meta property=\"article:modified_time\" content=\"2024-10-07T05:09:50+00:00\" \/>\n<meta name=\"twitter:card\" content=\"summary_large_image\" \/>\n<meta name=\"twitter:label1\" content=\"Gesch\u00e4tzte Lesezeit\" \/>\n\t<meta name=\"twitter:data1\" content=\"2\u00a0Minuten\" \/>\n<script type=\"application\/ld+json\" class=\"yoast-schema-graph\">{\"@context\":\"https:\\\/\\\/schema.org\",\"@graph\":[{\"@type\":\"WebPage\",\"@id\":\"https:\\\/\\\/kajakfriluftsliv.dk\\\/de\\\/kajak-kurs\\\/\",\"url\":\"https:\\\/\\\/kajakfriluftsliv.dk\\\/de\\\/kajak-kurs\\\/\",\"name\":\"Kajak-Kurs in Svendborg, in der N\u00e4he von Odense | Lifeplan Kajak &amp; Friluftsliv\",\"isPartOf\":{\"@id\":\"https:\\\/\\\/kajakfrilufsliv.webserver10.dk\\\/#website\"},\"datePublished\":\"2024-10-04T07:02:24+00:00\",\"dateModified\":\"2024-10-07T05:09:50+00:00\",\"description\":\"Bei Lifeplan Kajak &amp; Friluftsliv bieten wir einen professionellen und lehrreichen Kajakkurs in Svendborg, in der N\u00e4he von Odense, an. Lesen Sie mehr und buchen Sie Ihre Zeit gleich hier\",\"breadcrumb\":{\"@id\":\"https:\\\/\\\/kajakfriluftsliv.dk\\\/de\\\/kajak-kurs\\\/#breadcrumb\"},\"inLanguage\":\"de\",\"potentialAction\":[{\"@type\":\"ReadAction\",\"target\":[\"https:\\\/\\\/kajakfriluftsliv.dk\\\/de\\\/kajak-kurs\\\/\"]}]},{\"@type\":\"BreadcrumbList\",\"@id\":\"https:\\\/\\\/kajakfriluftsliv.dk\\\/de\\\/kajak-kurs\\\/#breadcrumb\",\"itemListElement\":[{\"@type\":\"ListItem\",\"position\":1,\"name\":\"Forside\",\"item\":\"https:\\\/\\\/kajakfriluftsliv.dk\\\/de\\\/hauptseite\\\/\"},{\"@type\":\"ListItem\",\"position\":2,\"name\":\"Kajak-Kurs\"}]},{\"@type\":\"WebSite\",\"@id\":\"https:\\\/\\\/kajakfrilufsliv.webserver10.dk\\\/#website\",\"url\":\"https:\\\/\\\/kajakfrilufsliv.webserver10.dk\\\/\",\"name\":\"Lifeplan Kajak &amp; Friluftsliv\",\"description\":\"SEO PRO \",\"publisher\":{\"@id\":\"https:\\\/\\\/kajakfrilufsliv.webserver10.dk\\\/#organization\"},\"potentialAction\":[{\"@type\":\"SearchAction\",\"target\":{\"@type\":\"EntryPoint\",\"urlTemplate\":\"https:\\\/\\\/kajakfrilufsliv.webserver10.dk\\\/?s={search_term_string}\"},\"query-input\":{\"@type\":\"PropertyValueSpecification\",\"valueRequired\":true,\"valueName\":\"search_term_string\"}}],\"inLanguage\":\"de\"},{\"@type\":\"Organization\",\"@id\":\"https:\\\/\\\/kajakfrilufsliv.webserver10.dk\\\/#organization\",\"name\":\"Lifeplan Kajak &amp; Friluftsliv\",\"url\":\"https:\\\/\\\/kajakfrilufsliv.webserver10.dk\\\/\",\"logo\":{\"@type\":\"ImageObject\",\"inLanguage\":\"de\",\"@id\":\"https:\\\/\\\/kajakfrilufsliv.webserver10.dk\\\/#\\\/schema\\\/logo\\\/image\\\/\",\"url\":\"https:\\\/\\\/kajakfriluftsliv.dk\\\/wp-content\\\/uploads\\\/2024\\\/08\\\/Lifeplan-Logostor-2.png\",\"contentUrl\":\"https:\\\/\\\/kajakfriluftsliv.dk\\\/wp-content\\\/uploads\\\/2024\\\/08\\\/Lifeplan-Logostor-2.png\",\"width\":2048,\"height\":708,\"caption\":\"Lifeplan Kajak &amp; Friluftsliv\"},\"image\":{\"@id\":\"https:\\\/\\\/kajakfrilufsliv.webserver10.dk\\\/#\\\/schema\\\/logo\\\/image\\\/\"}}]}<\/script>\n<!-- \/ Yoast SEO plugin. -->","yoast_head_json":{"title":"Kajak-Kurs in Svendborg, in der N\u00e4he von Odense | Lifeplan Kajak &amp; Friluftsliv","description":"Bei Lifeplan Kajak &amp; Friluftsliv bieten wir einen professionellen und lehrreichen Kajakkurs in Svendborg, in der N\u00e4he von Odense, an. Lesen Sie mehr und buchen Sie Ihre Zeit gleich hier","robots":{"index":"index","follow":"follow","max-snippet":"max-snippet:-1","max-image-preview":"max-image-preview:large","max-video-preview":"max-video-preview:-1"},"canonical":"https:\/\/kajakfriluftsliv.dk\/de\/kajak-kurs\/","og_locale":"de_DE","og_type":"article","og_title":"Kajak-Kurs in Svendborg, in der N\u00e4he von Odense | Lifeplan Kajak &amp; Friluftsliv","og_description":"Bei Lifeplan Kajak &amp; Friluftsliv bieten wir einen professionellen und lehrreichen Kajakkurs in Svendborg, in der N\u00e4he von Odense, an. Lesen Sie mehr und buchen Sie Ihre Zeit gleich hier","og_url":"https:\/\/kajakfriluftsliv.dk\/de\/kajak-kurs\/","og_site_name":"Lifeplan Kajak &amp; Friluftsliv","article_modified_time":"2024-10-07T05:09:50+00:00","twitter_card":"summary_large_image","twitter_misc":{"Gesch\u00e4tzte Lesezeit":"2\u00a0Minuten"},"schema":{"@context":"https:\/\/schema.org","@graph":[{"@type":"WebPage","@id":"https:\/\/kajakfriluftsliv.dk\/de\/kajak-kurs\/","url":"https:\/\/kajakfriluftsliv.dk\/de\/kajak-kurs\/","name":"Kajak-Kurs in Svendborg, in der N\u00e4he von Odense | Lifeplan Kajak &amp; Friluftsliv","isPartOf":{"@id":"https:\/\/kajakfrilufsliv.webserver10.dk\/#website"},"datePublished":"2024-10-04T07:02:24+00:00","dateModified":"2024-10-07T05:09:50+00:00","description":"Bei Lifeplan Kajak &amp; Friluftsliv bieten wir einen professionellen und lehrreichen Kajakkurs in Svendborg, in der N\u00e4he von Odense, an. Lesen Sie mehr und buchen Sie Ihre Zeit gleich hier","breadcrumb":{"@id":"https:\/\/kajakfriluftsliv.dk\/de\/kajak-kurs\/#breadcrumb"},"inLanguage":"de","potentialAction":[{"@type":"ReadAction","target":["https:\/\/kajakfriluftsliv.dk\/de\/kajak-kurs\/"]}]},{"@type":"BreadcrumbList","@id":"https:\/\/kajakfriluftsliv.dk\/de\/kajak-kurs\/#breadcrumb","itemListElement":[{"@type":"ListItem","position":1,"name":"Forside","item":"https:\/\/kajakfriluftsliv.dk\/de\/hauptseite\/"},{"@type":"ListItem","position":2,"name":"Kajak-Kurs"}]},{"@type":"WebSite","@id":"https:\/\/kajakfrilufsliv.webserver10.dk\/#website","url":"https:\/\/kajakfrilufsliv.webserver10.dk\/","name":"Lifeplan Kajak &amp; Friluftsliv","description":"SEO PRO ","publisher":{"@id":"https:\/\/kajakfrilufsliv.webserver10.dk\/#organization"},"potentialAction":[{"@type":"SearchAction","target":{"@type":"EntryPoint","urlTemplate":"https:\/\/kajakfrilufsliv.webserver10.dk\/?s={search_term_string}"},"query-input":{"@type":"PropertyValueSpecification","valueRequired":true,"valueName":"search_term_string"}}],"inLanguage":"de"},{"@type":"Organization","@id":"https:\/\/kajakfrilufsliv.webserver10.dk\/#organization","name":"Lifeplan Kajak &amp; Friluftsliv","url":"https:\/\/kajakfrilufsliv.webserver10.dk\/","logo":{"@type":"ImageObject","inLanguage":"de","@id":"https:\/\/kajakfrilufsliv.webserver10.dk\/#\/schema\/logo\/image\/","url":"https:\/\/kajakfriluftsliv.dk\/wp-content\/uploads\/2024\/08\/Lifeplan-Logostor-2.png","contentUrl":"https:\/\/kajakfriluftsliv.dk\/wp-content\/uploads\/2024\/08\/Lifeplan-Logostor-2.png","width":2048,"height":708,"caption":"Lifeplan Kajak &amp; Friluftsliv"},"image":{"@id":"https:\/\/kajakfrilufsliv.webserver10.dk\/#\/schema\/logo\/image\/"}}]}},"_links":{"self":[{"href":"https:\/\/kajakfriluftsliv.dk\/de\/wp-json\/wp\/v2\/pages\/9019","targetHints":{"allow":["GET"]}}],"collection":[{"href":"https:\/\/kajakfriluftsliv.dk\/de\/wp-json\/wp\/v2\/pages"}],"about":[{"href":"https:\/\/kajakfriluftsliv.dk\/de\/wp-json\/wp\/v2\/types\/page"}],"author":[{"embeddable":true,"href":"https:\/\/kajakfriluftsliv.dk\/de\/wp-json\/wp\/v2\/users\/7"}],"replies":[{"embeddable":true,"href":"https:\/\/kajakfriluftsliv.dk\/de\/wp-json\/wp\/v2\/comments?post=9019"}],"version-history":[{"count":1,"href":"https:\/\/kajakfriluftsliv.dk\/de\/wp-json\/wp\/v2\/pages\/9019\/revisions"}],"predecessor-version":[{"id":9024,"href":"https:\/\/kajakfriluftsliv.dk\/de\/wp-json\/wp\/v2\/pages\/9019\/revisions\/9024"}],"wp:attachment":[{"href":"https:\/\/kajakfriluftsliv.dk\/de\/wp-json\/wp\/v2\/media?parent=9019"}],"wp:term":[{"taxonomy":"category","embeddable":true,"href":"https:\/\/kajakfriluftsliv.dk\/de\/wp-json\/wp\/v2\/categories?post=9019"}],"curies":[{"name":"wp","href":"https:\/\/api.w.org\/{rel}","templated":true}]}}